{"id":1052,"date":"2024-02-26T10:55:42","date_gmt":"2024-02-26T10:55:42","guid":{"rendered":"https:\/\/dividuals.be\/boostez-votre-strategie-omnicanale\/"},"modified":"2024-03-12T14:04:46","modified_gmt":"2024-03-12T14:04:46","slug":"boostez-votre-strategie-omnicanale","status":"publish","type":"page","link":"https:\/\/dividuals.be\/fr\/boostez-votre-strategie-omnicanale\/","title":{"rendered":"Boostez votre strat\u00e9gie omnicanale"},"content":{"rendered":"\n<p>L&rsquo;efficacit\u00e9 de votre strat\u00e9gie de vente omnicanal repose sur la localisation de vos groupes cibles et de vos points de vente. <strong><span style=\"color: #E8591C;\" class=\"stk-highlight\">En int\u00e9grant Dividuals\u00ae dans votre strat\u00e9gie g\u00e9omarketing, vous obtenez des informations sp\u00e9cifiques sur l&#8217;emplacement de vos hotspots, discernez les attentes de vos groupes cibles, et \u00e9valuez l&rsquo;\u00e9tendue de votre potentiel de march\u00e9 accessible en ligne et hors ligne.<\/span><\/strong><\/p>\n\n<div class=\"wp-block-columns are-vertically-aligned-center is-layout-flex wp-container-core-columns-is-layout-9d6595d7 wp-block-columns-is-layout-flex\">\n<div class=\"wp-block-column is-vertically-aligned-center is-layout-flow wp-block-column-is-layout-flow\" style=\"flex-basis:33.33%\">\n<figure class=\"wp-block-image aligncenter size-full is-resized\"><img decoding=\"async\" width=\"356\" height=\"355\" src=\"https:\/\/dividuals.be\/wp-content\/uploads\/2024\/02\/010224_SIRIUS_Pictogrammes_All_01-36.png\" alt=\"\" class=\"wp-image-636\" style=\"width:245px;height:auto\" srcset=\"https:\/\/dividuals.be\/wp-content\/uploads\/2024\/02\/010224_SIRIUS_Pictogrammes_All_01-36.png 356w, https:\/\/dividuals.be\/wp-content\/uploads\/2024\/02\/010224_SIRIUS_Pictogrammes_All_01-36-300x300.png 300w, https:\/\/dividuals.be\/wp-content\/uploads\/2024\/02\/010224_SIRIUS_Pictogrammes_All_01-36-150x150.png 150w\" sizes=\"(max-width: 356px) 100vw, 356px\" \/><\/figure>\n<\/div>\n\n\n\n<div class=\"wp-block-column is-vertically-aligned-center is-layout-flow wp-block-column-is-layout-flow\" style=\"flex-basis:66.66%\">\n<div id=\"heading-69e890764483d\" class=\"align\" style=\"margin-top:0; margin-bottom:0\">\n <h2 style=\"text-align: \"class=\"custom-title text-primary font-title text-2xl lg:text-3xl font-bold pb-6 lg:mb-12\">Vos <span class=\"text-secondary\">d\u00e9fis<\/span><\/h2>\n<\/div>\n\n\n<ul class=\"wp-block-list\">\n<li>O\u00f9 devrais-je <strong>ouvrir<\/strong> des <strong>points de vente<\/strong> ? Lesquels devrais-je fermer ou d\u00e9placer ?<\/li>\n\n\n\n<li>Quelle est le <strong>volume<\/strong> du <strong>potentiel de march\u00e9<\/strong> de mon webshop et de mes points de vente ?<\/li>\n\n\n\n<li>Quels groupes cibles pr\u00e9f\u00e8rent les canaux de vente <strong>en ligne<\/strong> ou <strong>hors ligne<\/strong> ?<\/li>\n\n\n\n<li>Comment interagissent les canaux de vente en ligne et hors ligne ?<\/li>\n<\/ul>\n<\/div>\n<\/div>\n\n<div class=\"wp-block-group alignwide has-darkgray-background-color has-background is-layout-constrained wp-block-group-is-layout-constrained\">\n<div class=\"wp-block-columns is-layout-flex wp-container-core-columns-is-layout-9d6595d7 wp-block-columns-is-layout-flex\">\n<div class=\"wp-block-column is-layout-flow wp-block-column-is-layout-flow\">\n<div id=\"heading-69e8907645757\" class=\"align\" style=\"margin-top:0; margin-bottom:0\">\n <h2 style=\"text-align: \"class=\"custom-title text-primary font-title text-2xl lg:text-3xl font-bold pb-6 lg:mb-12\">Dividuals\u00ae <span class=\"text-secondary\"> en pratique<\/span><\/h2>\n<\/div>\n\n\n<p><strong>Avec Dividuals\u00ae, vous pouvez d\u00e9terminer pr\u00e9cis\u00e9ment vos groupes cibles par canal de vente et comment ils interagissent entre eux. La granularit\u00e9 g\u00e9ographique de Dividuals\u00ae en fait une solution exceptionnelle pour identifier les zones de d\u00e9veloppement et les zones de croissance.<\/strong><\/p>\n\n\n\n<ul class=\"wp-block-list\">\n<li>Identifiez les <strong>groupes cibles<\/strong> pour les canaux de vente en ligne et hors ligne.<\/li>\n\n\n\n<li>Int\u00e9grez les donn\u00e9es de Dividuals\u00ae dans vos <strong>projets de g\u00e9omarketing<\/strong>.<\/li>\n\n\n\n<li><strong>Visualisez<\/strong> les caract\u00e9ristiques des m\u00e9nages dans vos <strong>zones de chalandise<\/strong>.<\/li>\n\n\n\n<li>Analysez quelle partie de votre groupe cible est conquise par les canaux de vente actuels.<\/li>\n\n\n\n<li>Calculez la taille de votre <strong>potentiel de march\u00e9<\/strong> et quelle partie se trouve dans vos zones de chalandise.<\/li>\n\n\n\n<li>Identifiez les <strong>hotspots<\/strong> et d\u00e9veloppez une <strong>strat\u00e9gie d&rsquo;expansion ou de relocalisation<\/strong>.<\/li>\n<\/ul>\n<\/div>\n<\/div>\n<\/div>\n\n<div id=\"heading-69e8907646211\" class=\"align\" style=\"margin-top:0; margin-bottom:0\">\n <h2 style=\"text-align: \"class=\"custom-title text-primary font-title text-2xl lg:text-3xl font-bold pb-6 lg:mb-12\">Vos <span class=\"text-secondary\">b\u00e9n\u00e9fices<\/span><\/h2>\n<\/div>\n<ul class=\"wp-block-list\">\n<li>Renforcez la <strong>compl\u00e9mentarit\u00e9<\/strong> de vos canaux de vente en ligne et hors ligne.<\/li>\n\n\n\n<li>Concentrez-vous sur les points de vente pr\u00e9sentant un <strong>potentiel de croissance<\/strong> important.<\/li>\n\n\n\n<li><strong>Ouvrez<\/strong> des points de vente uniquement \u00e0 des <strong>localisations<\/strong> \u00e0 <strong>fort potentiel de march\u00e9<\/strong>.<\/li>\n<\/ul>\n\n<h2 class=\"wp-block-heading\">Contactez-nous<\/h2>\n\n<p>B\u00e9n\u00e9ficiez de la puissance de Dividuals\u00ae pour votre strat\u00e9gie omnicanale. Contactez-nous pour int\u00e9grer Dividuals\u00ae dans votre strat\u00e9gie de g\u00e9omarketing.<\/p>\n<div class=\"wpforms-container wpforms-container-full wpforms-render-modern\" id=\"wpforms-319\"><form id=\"wpforms-form-319\" class=\"wpforms-validate wpforms-form wpforms-ajax-form\" data-formid=\"319\" method=\"post\" enctype=\"multipart\/form-data\" action=\"\/fr\/wp-json\/wp\/v2\/pages\/1052\" data-token=\"99e6284dd6e6702739bcc9c1875b65b9\"><noscript class=\"wpforms-error-noscript\">Veuillez activer JavaScript dans votre navigateur pour remplir ce formulaire.<\/noscript><div class=\"wpforms-hidden\" id=\"wpforms-error-noscript\">Veuillez activer JavaScript dans votre navigateur pour remplir ce formulaire.<\/div><div class=\"wpforms-field-container\"><div id=\"wpforms-319-field_1-container\" class=\"wpforms-field wpforms-field-text\" data-field-id=\"1\"><label class=\"wpforms-field-label wpforms-label-hide\" for=\"wpforms-319-field_1\" aria-hidden=\"false\">Entreprise <span class=\"wpforms-required-label\" aria-hidden=\"true\">*<\/span><\/label><input type=\"text\" id=\"wpforms-319-field_1\" class=\"wpforms-field-medium wpforms-field-required\" name=\"wpforms[fields][1]\" placeholder=\"Entreprise*\" aria-errormessage=\"wpforms-319-field_1-error\" required><\/div><div id=\"wpforms-319-field_2-container\" class=\"wpforms-field wpforms-field-text\" data-field-id=\"2\"><label class=\"wpforms-field-label wpforms-label-hide\" for=\"wpforms-319-field_2\" aria-hidden=\"false\">Nom <span class=\"wpforms-required-label\" aria-hidden=\"true\">*<\/span><\/label><input type=\"text\" id=\"wpforms-319-field_2\" class=\"wpforms-field-medium wpforms-field-required\" name=\"wpforms[fields][2]\" placeholder=\"Nom*\" aria-errormessage=\"wpforms-319-field_2-error\" required><\/div><div id=\"wpforms-319-field_3-container\" class=\"wpforms-field wpforms-field-text\" data-field-id=\"3\"><label class=\"wpforms-field-label wpforms-label-hide\" for=\"wpforms-319-field_3\" aria-hidden=\"false\">Email <span class=\"wpforms-required-label\" aria-hidden=\"true\">*<\/span><\/label><input type=\"text\" id=\"wpforms-319-field_3\" class=\"wpforms-field-medium wpforms-field-required\" name=\"wpforms[fields][3]\" placeholder=\"Email*\" aria-errormessage=\"wpforms-319-field_3-error\" required><\/div><div id=\"wpforms-319-field_4-container\" class=\"wpforms-field wpforms-field-text\" data-field-id=\"4\"><label class=\"wpforms-field-label wpforms-label-hide\" for=\"wpforms-319-field_4\" aria-hidden=\"false\">Num\u00e9ro de t\u00e9l\u00e9phone<\/label><input type=\"text\" id=\"wpforms-319-field_4\" class=\"wpforms-field-medium\" name=\"wpforms[fields][4]\" placeholder=\"Num\u00e9ro de t\u00e9l\u00e9phone\" aria-errormessage=\"wpforms-319-field_4-error\" ><\/div><div id=\"wpforms-319-field_5-container\" class=\"wpforms-field wpforms-field-text\" data-field-id=\"5\"><label class=\"wpforms-field-label wpforms-label-hide\" for=\"wpforms-319-field_5\" aria-hidden=\"false\">Nombre de points de vente<\/label><input type=\"text\" id=\"wpforms-319-field_5\" class=\"wpforms-field-medium\" name=\"wpforms[fields][5]\" placeholder=\"Nombre de points de vente\" aria-errormessage=\"wpforms-319-field_5-error\" ><\/div><div id=\"wpforms-319-field_7-container\" class=\"wpforms-field wpforms-field-text\" data-field-id=\"7\"><label class=\"wpforms-field-label wpforms-label-hide\" for=\"wpforms-319-field_7\" aria-hidden=\"false\">Nombre de clients dans votre base<\/label><input type=\"text\" id=\"wpforms-319-field_7\" class=\"wpforms-field-medium\" name=\"wpforms[fields][7]\" placeholder=\"Nombre de clients dans votre base\" aria-errormessage=\"wpforms-319-field_7-error\" ><\/div><div id=\"wpforms-319-field_6-container\" class=\"wpforms-field wpforms-field-textarea\" data-field-id=\"6\"><label class=\"wpforms-field-label wpforms-label-hide\" for=\"wpforms-319-field_6\" aria-hidden=\"false\">Vos objectifs<\/label><textarea id=\"wpforms-319-field_6\" class=\"wpforms-field-medium\" name=\"wpforms[fields][6]\" placeholder=\"Vos objectifs\" aria-errormessage=\"wpforms-319-field_6-error\" ><\/textarea><\/div><div id=\"wpforms-319-field_11-container\" class=\"wpforms-field wpforms-field-checkbox\" data-field-id=\"11\"><fieldset><legend class=\"wpforms-field-label wpforms-label-hide\" aria-hidden=\"false\">Checkboxes<\/legend><ul id=\"wpforms-319-field_11\"><li class=\"choice-1 depth-1\"><input type=\"checkbox\" id=\"wpforms-319-field_11_1\" name=\"wpforms[fields][11][]\" value=\"Je d\u00e9sire rester inform\u00e9.e des nouveaut\u00e9s de Dividuals.\" aria-errormessage=\"wpforms-319-field_11_1-error\" aria-describedby=\"wpforms-319-field_11-description\"  ><label class=\"wpforms-field-label-inline\" for=\"wpforms-319-field_11_1\">Je d\u00e9sire rester inform\u00e9.e des nouveaut\u00e9s de Dividuals.<\/label><\/li><\/ul><div id=\"wpforms-319-field_11-description\" class=\"wpforms-field-description\">\nSIRIUS Insight traite les donn\u00e9es personnelles et les autres donn\u00e9es en accord avec les lois et r\u00e8glements en application. Vous trouverez plus d\u2019informations dans notre <a href=\"https:\/\/dividuals.be\/fr\/politique-de-confidentialite\/\">politique de confidentialit\u00e9<\/a>.<\/div><\/fieldset><\/div><div id=\"wpforms-319-field_10-container\" class=\"wpforms-field wpforms-field-hidden description\" data-field-id=\"10\"><input type=\"hidden\" id=\"wpforms-319-field_10\" name=\"wpforms[fields][10]\" value=\"Boostez votre strat\u00e9gie omnicanale\" aria-errormessage=\"wpforms-319-field_10-error\"><\/div><div id=\"wpforms-319-field_9-container\" class=\"wpforms-field wpforms-field-hidden lang\" data-field-id=\"9\"><input type=\"hidden\" id=\"wpforms-319-field_9\" name=\"wpforms[fields][9]\" aria-errormessage=\"wpforms-319-field_9-error\"><\/div><div id=\"wpforms-319-field_8-container\" class=\"wpforms-field wpforms-field-hidden\" data-field-id=\"8\"><input type=\"hidden\" id=\"wpforms-319-field_8\" name=\"wpforms[fields][8]\" value=\"Website contact\" aria-errormessage=\"wpforms-319-field_8-error\"><\/div><\/div><!-- .wpforms-field-container --><div class=\"wpforms-submit-container\" ><input type=\"hidden\" name=\"wpforms[id]\" value=\"319\"><input type=\"hidden\" name=\"wpforms[author]\" value=\"1\"><button type=\"submit\" name=\"wpforms[submit]\" id=\"wpforms-submit-319\" class=\"wpforms-submit\" data-alt-text=\"Envoyer...\" data-submit-text=\"Envoyer\" aria-live=\"assertive\" value=\"wpforms-submit\">Envoyer<\/button><img decoding=\"async\" src=\"https:\/\/dividuals.be\/wp-content\/plugins\/wpforms\/assets\/images\/submit-spin.svg\" class=\"wpforms-submit-spinner\" style=\"display: none;\" width=\"26\" height=\"26\" alt=\"Chargement en cours\"><\/div><input type=\"hidden\" id=\"ct_checkjs_wpforms_a49e9411d64ff53eccfdd09ad10a15b3\" name=\"ct_checkjs_wpforms\" value=\"0\" \/><script>setTimeout(function(){var ct_input_name = \"ct_checkjs_wpforms_a49e9411d64ff53eccfdd09ad10a15b3\";if (document.getElementById(ct_input_name) !== null) {var ct_input_value = document.getElementById(ct_input_name).value;document.getElementById(ct_input_name).value = document.getElementById(ct_input_name).value.replace(ct_input_value, 'af10b0c6c927bc8eda96c71c5e84385b6cfd14f6b89998b4e692995732d85a08');}}, 1000);<\/script><input\n                    class=\"apbct_special_field apbct_email_id__wp_wpforms\"\n                    name=\"apbct__email_id__wp_wpforms\"\n                    aria-label=\"apbct__label_id__wp_wpforms\"\n                    type=\"text\" size=\"30\" maxlength=\"200\" autocomplete=\"off\"\n                    value=\"\"\n                \/><\/form><\/div>  <!-- .wpforms-container -->\n","protected":false},"excerpt":{"rendered":"<p>L&rsquo;efficacit\u00e9 de votre strat\u00e9gie de vente omnicanal r&#8230;<\/p>\n","protected":false},"author":1,"featured_media":823,"parent":0,"menu_order":0,"comment_status":"closed","ping_status":"closed","template":"","meta":{"footnotes":""},"class_list":["post-1052","page","type-page","status-publish","has-post-thumbnail","hentry"],"acf":[],"yoast_head":"<!-- This site is optimized with the Yoast SEO plugin v27.2 - https:\/\/yoast.com\/product\/yoast-seo-wordpress\/ -->\n<title>Boostez votre strat\u00e9gie omnicanale - Dividuals\u00ae by SIRIUS Insight<\/title>\n<meta name=\"robots\" content=\"index, follow, max-snippet:-1, max-image-preview:large, max-video-preview:-1\" \/>\n<link rel=\"canonical\" href=\"https:\/\/dividuals.be\/fr\/boostez-votre-strategie-omnicanale\/\" \/>\n<meta property=\"og:locale\" content=\"fr_FR\" \/>\n<meta property=\"og:type\" content=\"article\" \/>\n<meta property=\"og:title\" content=\"Boostez votre strat\u00e9gie omnicanale - Dividuals\u00ae by SIRIUS Insight\" \/>\n<meta property=\"og:description\" content=\"L&rsquo;efficacit\u00e9 de votre strat\u00e9gie de vente omnicanal r...\" \/>\n<meta property=\"og:url\" content=\"https:\/\/dividuals.be\/fr\/boostez-votre-strategie-omnicanale\/\" \/>\n<meta property=\"og:site_name\" content=\"Dividuals\u00ae by SIRIUS Insight\" \/>\n<meta property=\"article:modified_time\" content=\"2024-03-12T14:04:46+00:00\" \/>\n<meta property=\"og:image\" content=\"https:\/\/dividuals.be\/wp-content\/uploads\/2024\/03\/iStock-1367851585-3-e1710252273808.jpg\" \/>\n\t<meta property=\"og:image:width\" content=\"1447\" \/>\n\t<meta property=\"og:image:height\" content=\"724\" \/>\n\t<meta property=\"og:image:type\" content=\"image\/jpeg\" \/>\n<meta name=\"twitter:card\" content=\"summary_large_image\" \/>\n<meta name=\"twitter:label1\" content=\"Dur\u00e9e de lecture estim\u00e9e\" \/>\n\t<meta name=\"twitter:data1\" content=\"2 minutes\" \/>\n<script type=\"application\/ld+json\" class=\"yoast-schema-graph\">{\"@context\":\"https:\/\/schema.org\",\"@graph\":[{\"@type\":\"WebPage\",\"@id\":\"https:\/\/dividuals.be\/fr\/boostez-votre-strategie-omnicanale\/\",\"url\":\"https:\/\/dividuals.be\/fr\/boostez-votre-strategie-omnicanale\/\",\"name\":\"Boostez votre strat\u00e9gie omnicanale - Dividuals\u00ae by SIRIUS Insight\",\"isPartOf\":{\"@id\":\"https:\/\/dividuals.be\/fr\/#website\"},\"primaryImageOfPage\":{\"@id\":\"https:\/\/dividuals.be\/fr\/boostez-votre-strategie-omnicanale\/#primaryimage\"},\"image\":{\"@id\":\"https:\/\/dividuals.be\/fr\/boostez-votre-strategie-omnicanale\/#primaryimage\"},\"thumbnailUrl\":\"https:\/\/dividuals.be\/wp-content\/uploads\/2024\/03\/iStock-1367851585-3-e1710252273808.jpg\",\"datePublished\":\"2024-02-26T10:55:42+00:00\",\"dateModified\":\"2024-03-12T14:04:46+00:00\",\"breadcrumb\":{\"@id\":\"https:\/\/dividuals.be\/fr\/boostez-votre-strategie-omnicanale\/#breadcrumb\"},\"inLanguage\":\"fr-FR\",\"potentialAction\":[{\"@type\":\"ReadAction\",\"target\":[\"https:\/\/dividuals.be\/fr\/boostez-votre-strategie-omnicanale\/\"]}]},{\"@type\":\"ImageObject\",\"inLanguage\":\"fr-FR\",\"@id\":\"https:\/\/dividuals.be\/fr\/boostez-votre-strategie-omnicanale\/#primaryimage\",\"url\":\"https:\/\/dividuals.be\/wp-content\/uploads\/2024\/03\/iStock-1367851585-3-e1710252273808.jpg\",\"contentUrl\":\"https:\/\/dividuals.be\/wp-content\/uploads\/2024\/03\/iStock-1367851585-3-e1710252273808.jpg\",\"width\":1447,\"height\":724,\"caption\":\"Crowds of people walking across a busy crosswalk at the intersection of 23rd Street and 5th Avenue in Manhattan New York City NYC\"},{\"@type\":\"BreadcrumbList\",\"@id\":\"https:\/\/dividuals.be\/fr\/boostez-votre-strategie-omnicanale\/#breadcrumb\",\"itemListElement\":[{\"@type\":\"ListItem\",\"position\":1,\"name\":\"Home\",\"item\":\"https:\/\/dividuals.be\/fr\/\"},{\"@type\":\"ListItem\",\"position\":2,\"name\":\"Boostez votre strat\u00e9gie omnicanale\"}]},{\"@type\":\"WebSite\",\"@id\":\"https:\/\/dividuals.be\/fr\/#website\",\"url\":\"https:\/\/dividuals.be\/fr\/\",\"name\":\"Dividuals\u00ae by SIRIUS Insight\",\"description\":\"\",\"publisher\":{\"@id\":\"https:\/\/dividuals.be\/fr\/#organization\"},\"potentialAction\":[{\"@type\":\"SearchAction\",\"target\":{\"@type\":\"EntryPoint\",\"urlTemplate\":\"https:\/\/dividuals.be\/fr\/?s={search_term_string}\"},\"query-input\":{\"@type\":\"PropertyValueSpecification\",\"valueRequired\":true,\"valueName\":\"search_term_string\"}}],\"inLanguage\":\"fr-FR\"},{\"@type\":\"Organization\",\"@id\":\"https:\/\/dividuals.be\/fr\/#organization\",\"name\":\"Dividuals\u00ae by SIRIUS Insight\",\"url\":\"https:\/\/dividuals.be\/fr\/\",\"logo\":{\"@type\":\"ImageObject\",\"inLanguage\":\"fr-FR\",\"@id\":\"https:\/\/dividuals.be\/fr\/#\/schema\/logo\/image\/\",\"url\":\"https:\/\/dividuals.be\/wp-content\/uploads\/2024\/03\/dividuals_colors_baseline_digital.jpg\",\"contentUrl\":\"https:\/\/dividuals.be\/wp-content\/uploads\/2024\/03\/dividuals_colors_baseline_digital.jpg\",\"width\":1642,\"height\":1147,\"caption\":\"Dividuals\u00ae by SIRIUS Insight\"},\"image\":{\"@id\":\"https:\/\/dividuals.be\/fr\/#\/schema\/logo\/image\/\"},\"sameAs\":[\"https:\/\/www.linkedin.com\/company\/sirius-insight\"]}]}<\/script>\n<!-- \/ Yoast SEO plugin. -->","yoast_head_json":{"title":"Boostez votre strat\u00e9gie omnicanale - Dividuals\u00ae by SIRIUS Insight","robots":{"index":"index","follow":"follow","max-snippet":"max-snippet:-1","max-image-preview":"max-image-preview:large","max-video-preview":"max-video-preview:-1"},"canonical":"https:\/\/dividuals.be\/fr\/boostez-votre-strategie-omnicanale\/","og_locale":"fr_FR","og_type":"article","og_title":"Boostez votre strat\u00e9gie omnicanale - Dividuals\u00ae by SIRIUS Insight","og_description":"L&rsquo;efficacit\u00e9 de votre strat\u00e9gie de vente omnicanal r...","og_url":"https:\/\/dividuals.be\/fr\/boostez-votre-strategie-omnicanale\/","og_site_name":"Dividuals\u00ae by SIRIUS Insight","article_modified_time":"2024-03-12T14:04:46+00:00","og_image":[{"width":1447,"height":724,"url":"https:\/\/dividuals.be\/wp-content\/uploads\/2024\/03\/iStock-1367851585-3-e1710252273808.jpg","type":"image\/jpeg"}],"twitter_card":"summary_large_image","twitter_misc":{"Dur\u00e9e de lecture estim\u00e9e":"2 minutes"},"schema":{"@context":"https:\/\/schema.org","@graph":[{"@type":"WebPage","@id":"https:\/\/dividuals.be\/fr\/boostez-votre-strategie-omnicanale\/","url":"https:\/\/dividuals.be\/fr\/boostez-votre-strategie-omnicanale\/","name":"Boostez votre strat\u00e9gie omnicanale - Dividuals\u00ae by SIRIUS Insight","isPartOf":{"@id":"https:\/\/dividuals.be\/fr\/#website"},"primaryImageOfPage":{"@id":"https:\/\/dividuals.be\/fr\/boostez-votre-strategie-omnicanale\/#primaryimage"},"image":{"@id":"https:\/\/dividuals.be\/fr\/boostez-votre-strategie-omnicanale\/#primaryimage"},"thumbnailUrl":"https:\/\/dividuals.be\/wp-content\/uploads\/2024\/03\/iStock-1367851585-3-e1710252273808.jpg","datePublished":"2024-02-26T10:55:42+00:00","dateModified":"2024-03-12T14:04:46+00:00","breadcrumb":{"@id":"https:\/\/dividuals.be\/fr\/boostez-votre-strategie-omnicanale\/#breadcrumb"},"inLanguage":"fr-FR","potentialAction":[{"@type":"ReadAction","target":["https:\/\/dividuals.be\/fr\/boostez-votre-strategie-omnicanale\/"]}]},{"@type":"ImageObject","inLanguage":"fr-FR","@id":"https:\/\/dividuals.be\/fr\/boostez-votre-strategie-omnicanale\/#primaryimage","url":"https:\/\/dividuals.be\/wp-content\/uploads\/2024\/03\/iStock-1367851585-3-e1710252273808.jpg","contentUrl":"https:\/\/dividuals.be\/wp-content\/uploads\/2024\/03\/iStock-1367851585-3-e1710252273808.jpg","width":1447,"height":724,"caption":"Crowds of people walking across a busy crosswalk at the intersection of 23rd Street and 5th Avenue in Manhattan New York City NYC"},{"@type":"BreadcrumbList","@id":"https:\/\/dividuals.be\/fr\/boostez-votre-strategie-omnicanale\/#breadcrumb","itemListElement":[{"@type":"ListItem","position":1,"name":"Home","item":"https:\/\/dividuals.be\/fr\/"},{"@type":"ListItem","position":2,"name":"Boostez votre strat\u00e9gie omnicanale"}]},{"@type":"WebSite","@id":"https:\/\/dividuals.be\/fr\/#website","url":"https:\/\/dividuals.be\/fr\/","name":"Dividuals\u00ae by SIRIUS Insight","description":"","publisher":{"@id":"https:\/\/dividuals.be\/fr\/#organization"},"potentialAction":[{"@type":"SearchAction","target":{"@type":"EntryPoint","urlTemplate":"https:\/\/dividuals.be\/fr\/?s={search_term_string}"},"query-input":{"@type":"PropertyValueSpecification","valueRequired":true,"valueName":"search_term_string"}}],"inLanguage":"fr-FR"},{"@type":"Organization","@id":"https:\/\/dividuals.be\/fr\/#organization","name":"Dividuals\u00ae by SIRIUS Insight","url":"https:\/\/dividuals.be\/fr\/","logo":{"@type":"ImageObject","inLanguage":"fr-FR","@id":"https:\/\/dividuals.be\/fr\/#\/schema\/logo\/image\/","url":"https:\/\/dividuals.be\/wp-content\/uploads\/2024\/03\/dividuals_colors_baseline_digital.jpg","contentUrl":"https:\/\/dividuals.be\/wp-content\/uploads\/2024\/03\/dividuals_colors_baseline_digital.jpg","width":1642,"height":1147,"caption":"Dividuals\u00ae by SIRIUS Insight"},"image":{"@id":"https:\/\/dividuals.be\/fr\/#\/schema\/logo\/image\/"},"sameAs":["https:\/\/www.linkedin.com\/company\/sirius-insight"]}]}},"_links":{"self":[{"href":"https:\/\/dividuals.be\/fr\/wp-json\/wp\/v2\/pages\/1052","targetHints":{"allow":["GET"]}}],"collection":[{"href":"https:\/\/dividuals.be\/fr\/wp-json\/wp\/v2\/pages"}],"about":[{"href":"https:\/\/dividuals.be\/fr\/wp-json\/wp\/v2\/types\/page"}],"author":[{"embeddable":true,"href":"https:\/\/dividuals.be\/fr\/wp-json\/wp\/v2\/users\/1"}],"replies":[{"embeddable":true,"href":"https:\/\/dividuals.be\/fr\/wp-json\/wp\/v2\/comments?post=1052"}],"version-history":[{"count":1,"href":"https:\/\/dividuals.be\/fr\/wp-json\/wp\/v2\/pages\/1052\/revisions"}],"predecessor-version":[{"id":1053,"href":"https:\/\/dividuals.be\/fr\/wp-json\/wp\/v2\/pages\/1052\/revisions\/1053"}],"wp:featuredmedia":[{"embeddable":true,"href":"https:\/\/dividuals.be\/fr\/wp-json\/wp\/v2\/media\/823"}],"wp:attachment":[{"href":"https:\/\/dividuals.be\/fr\/wp-json\/wp\/v2\/media?parent=1052"}],"curies":[{"name":"wp","href":"https:\/\/api.w.org\/{rel}","templated":true}]}}