{"id":1059,"date":"2024-02-26T10:55:55","date_gmt":"2024-02-26T10:55:55","guid":{"rendered":"https:\/\/dividuals.be\/amplifiez-le-roi-de-votre-marketing\/"},"modified":"2024-03-12T14:03:14","modified_gmt":"2024-03-12T14:03:14","slug":"amplifiez-le-roi-de-votre-marketing","status":"publish","type":"page","link":"https:\/\/dividuals.be\/fr\/amplifiez-le-roi-de-votre-marketing\/","title":{"rendered":"Amplifiez le ROI de votre marketing"},"content":{"rendered":"\n<p>Dans la qu\u00eate d&rsquo;un ciblage d&rsquo;audience efficace, les marketeurs cherchent \u00e0 s\u2019adapter aux d\u00e9fis pos\u00e9s par la disparition des cookies tiers ainsi que les r\u00e9glementations renforc\u00e9es en mati\u00e8re de confidentialit\u00e9.<strong><span style=\"color: #E8591C;\" class=\"stk-highlight\"> Dividuals\u00ae permet de facilement enrichir vos donn\u00e9es clients et d\u2019affiner vos campagnes marketing gr\u00e2ce \u00e0 une segmentation pr\u00e9cise. <\/span><\/strong>De plus, Dividuals\u00ae permet une interaction fluide avec des prospects correspondant \u00e0 votre profil client \u00e0 travers une gamme de canaux marketing en ligne et hors ligne.<\/p>\n\n<div class=\"wp-block-columns are-vertically-aligned-center is-layout-flex wp-container-core-columns-is-layout-9d6595d7 wp-block-columns-is-layout-flex\">\n<div class=\"wp-block-column is-vertically-aligned-center is-layout-flow wp-block-column-is-layout-flow\" style=\"flex-basis:33.33%\">\n<figure class=\"wp-block-image aligncenter size-full\"><img decoding=\"async\" width=\"355\" height=\"355\" src=\"https:\/\/dividuals.be\/wp-content\/uploads\/2024\/02\/010224_SIRIUS_Pictogrammes_All_01-33.png\" alt=\"\" class=\"wp-image-627\" srcset=\"https:\/\/dividuals.be\/wp-content\/uploads\/2024\/02\/010224_SIRIUS_Pictogrammes_All_01-33.png 355w, https:\/\/dividuals.be\/wp-content\/uploads\/2024\/02\/010224_SIRIUS_Pictogrammes_All_01-33-300x300.png 300w, https:\/\/dividuals.be\/wp-content\/uploads\/2024\/02\/010224_SIRIUS_Pictogrammes_All_01-33-150x150.png 150w\" sizes=\"(max-width: 355px) 100vw, 355px\" \/><\/figure>\n<\/div>\n\n\n\n<div class=\"wp-block-column is-vertically-aligned-center is-layout-flow wp-block-column-is-layout-flow\" style=\"flex-basis:66.66%\">\n<div id=\"heading-69e9e281b5ceb\" class=\"align\" style=\"margin-top:0; margin-bottom:0\">\n <h2 style=\"text-align: \"class=\"custom-title text-primary font-title text-2xl lg:text-3xl font-bold pb-6 lg:mb-12\">Vos <span class=\"text-secondary\">d\u00e9fis<\/span><\/h2>\n<\/div>\n\n\n<ul class=\"wp-block-list\">\n<li>Comment joindre mon <strong>groupe cible<\/strong> ?<\/li>\n\n\n\n<li>Comment adapter les <strong>strat\u00e9gies de ciblage<\/strong> apr\u00e8s la <strong>disparition des cookies tiers<\/strong> ?<\/li>\n\n\n\n<li>Comment obtenir des <strong>donn\u00e9es B2C qualifi\u00e9es<\/strong> pour des <strong>campagnes de publipostage, d&rsquo;e-mailing ou de SMS<\/strong> ?<\/li>\n\n\n\n<li>Comment cibler mon audience sur les <strong>r\u00e9seaux sociaux et dans les campagnes SEA<\/strong> ?<\/li>\n\n\n\n<li>Quelles solutions Out of Home utiliser pour toucher mon audience ?<\/li>\n<\/ul>\n<\/div>\n<\/div>\n\n<div class=\"wp-block-group alignwide has-darkgray-background-color has-background is-layout-constrained wp-block-group-is-layout-constrained\">\n<div class=\"wp-block-columns is-layout-flex wp-container-core-columns-is-layout-9d6595d7 wp-block-columns-is-layout-flex\">\n<div class=\"wp-block-column is-layout-flow wp-block-column-is-layout-flow\">\n<div id=\"heading-69e9e281b7681\" class=\"align\" style=\"margin-top:0; margin-bottom:0\">\n <h2 style=\"text-align: \"class=\"custom-title text-primary font-title text-2xl lg:text-3xl font-bold pb-6 lg:mb-12\">Dividuals\u00ae <span class=\"text-secondary\"> en pratique<\/span><\/h2>\n<\/div>\n\n\n<p><strong>Dividuals\u00ae se compose d&rsquo;un vaste r\u00e9seau de partenaires pour vous permettre de vous connecter directement avec des prospects qualifi\u00e9s et des clients.<\/strong><\/p>\n\n\n\n<ul class=\"wp-block-list\">\n<li>Organisez des <strong>campagnes de porte-\u00e0-porte cibl\u00e9es<\/strong>.<\/li>\n\n\n\n<li>Obtenez des <strong>listes B2C qualifi\u00e9es<\/strong> pour des campagnes de direct marketing, d&rsquo;e-mailing et de SMS.<\/li>\n\n\n\n<li>R\u00e9alisez des <strong>campagnes en ligne<\/strong> et utilisez des audiences en ligne pour les m\u00e9dias sociaux, le bannering et SEA.<\/li>\n\n\n\n<li>Faites de l\u2019affichage <strong>Out-of-Home<\/strong> en fonction de la p<strong>r\u00e9sence de votre groupe cible<\/strong> ou des affinit\u00e9s des consommateurs.<\/li>\n<\/ul>\n<\/div>\n<\/div>\n<\/div>\n\n<div id=\"heading-69e9e281b8a41\" class=\"align\" style=\"margin-top:0; margin-bottom:0\">\n <h2 style=\"text-align: \"class=\"custom-title text-primary font-title text-2xl lg:text-3xl font-bold pb-6 lg:mb-12\">Vos <span class=\"text-secondary\">b\u00e9n\u00e9fices<\/span><\/h2>\n<\/div>\n<ul class=\"wp-block-list\">\n<li>Am\u00e9liorez le ciblage des campagnes marketing et augmentez leur <strong>ROI<\/strong>.<\/li>\n\n\n\n<li><strong>Ciblez<\/strong> des audiences qualifi\u00e9es, minimisez les frictions, r\u00e9duisez l&rsquo;impact environnemental et <strong>diminuez les co\u00fbts de distribution<\/strong>.<\/li>\n\n\n\n<li><strong>Augmentez la personnalisation<\/strong> des campagnes marketing.<\/li>\n\n\n\n<li>Concentrez-vous uniquement sur les groupes cibles pr\u00e9sentant le <strong>plus grand potentiel<\/strong> pour votre entreprise.<\/li>\n<\/ul>\n\n<h2 class=\"wp-block-heading\">Contactez-nous<\/h2>\n\n<p>Contactez-nous pour d\u00e9terminer les meilleurs canaux et solutions de ciblage afin d&rsquo;atteindre vos objectifs marketing en utilisant Dividuals\u00ae.<\/p>\n<div class=\"wpforms-container wpforms-container-full wpforms-render-modern\" id=\"wpforms-331\"><form id=\"wpforms-form-331\" class=\"wpforms-validate wpforms-form wpforms-ajax-form\" data-formid=\"331\" method=\"post\" enctype=\"multipart\/form-data\" action=\"\/fr\/wp-json\/wp\/v2\/pages\/1059\" data-token=\"1349b282654fbf943ccc06d942bd37bb\"><noscript class=\"wpforms-error-noscript\">Veuillez activer JavaScript dans votre navigateur pour remplir ce formulaire.<\/noscript><div class=\"wpforms-hidden\" id=\"wpforms-error-noscript\">Veuillez activer JavaScript dans votre navigateur pour remplir ce formulaire.<\/div><div class=\"wpforms-field-container\"><div id=\"wpforms-331-field_1-container\" class=\"wpforms-field wpforms-field-text\" data-field-id=\"1\"><label class=\"wpforms-field-label wpforms-label-hide\" for=\"wpforms-331-field_1\" aria-hidden=\"false\">Entreprise <span class=\"wpforms-required-label\" aria-hidden=\"true\">*<\/span><\/label><input type=\"text\" id=\"wpforms-331-field_1\" class=\"wpforms-field-medium wpforms-field-required\" name=\"wpforms[fields][1]\" placeholder=\"Entreprise*\" aria-errormessage=\"wpforms-331-field_1-error\" required><\/div><div id=\"wpforms-331-field_2-container\" class=\"wpforms-field wpforms-field-text\" data-field-id=\"2\"><label class=\"wpforms-field-label wpforms-label-hide\" for=\"wpforms-331-field_2\" aria-hidden=\"false\">Nom <span class=\"wpforms-required-label\" aria-hidden=\"true\">*<\/span><\/label><input type=\"text\" id=\"wpforms-331-field_2\" class=\"wpforms-field-medium wpforms-field-required\" name=\"wpforms[fields][2]\" placeholder=\"Nom*\" aria-errormessage=\"wpforms-331-field_2-error\" required><\/div><div id=\"wpforms-331-field_3-container\" class=\"wpforms-field wpforms-field-text\" data-field-id=\"3\"><label class=\"wpforms-field-label wpforms-label-hide\" for=\"wpforms-331-field_3\" aria-hidden=\"false\">Email <span class=\"wpforms-required-label\" aria-hidden=\"true\">*<\/span><\/label><input type=\"text\" id=\"wpforms-331-field_3\" class=\"wpforms-field-medium wpforms-field-required\" name=\"wpforms[fields][3]\" placeholder=\"Email*\" aria-errormessage=\"wpforms-331-field_3-error\" required><\/div><div id=\"wpforms-331-field_4-container\" class=\"wpforms-field wpforms-field-text\" data-field-id=\"4\"><label class=\"wpforms-field-label wpforms-label-hide\" for=\"wpforms-331-field_4\" aria-hidden=\"false\">Num\u00e9ro de t\u00e9l\u00e9phone<\/label><input type=\"text\" id=\"wpforms-331-field_4\" class=\"wpforms-field-medium\" name=\"wpforms[fields][4]\" placeholder=\"Num\u00e9ro de t\u00e9l\u00e9phone\" aria-errormessage=\"wpforms-331-field_4-error\" ><\/div><div id=\"wpforms-331-field_5-container\" class=\"wpforms-field wpforms-field-text\" data-field-id=\"5\"><label class=\"wpforms-field-label wpforms-label-hide\" for=\"wpforms-331-field_5\" aria-hidden=\"false\">Quel type de campagne d\u00e9sirez-vous r\u00e9aliser ?<\/label><input type=\"text\" id=\"wpforms-331-field_5\" class=\"wpforms-field-medium\" name=\"wpforms[fields][5]\" placeholder=\"Quel type de campagne d\u00e9sirez-vous r\u00e9aliser ?\" aria-errormessage=\"wpforms-331-field_5-error\" ><\/div><div id=\"wpforms-331-field_7-container\" class=\"wpforms-field wpforms-field-text\" data-field-id=\"7\"><label class=\"wpforms-field-label wpforms-label-hide\" for=\"wpforms-331-field_7\" aria-hidden=\"false\">Qui est votre cible ?<\/label><input type=\"text\" id=\"wpforms-331-field_7\" class=\"wpforms-field-medium\" name=\"wpforms[fields][7]\" placeholder=\"Qui est votre cible ?\" aria-errormessage=\"wpforms-331-field_7-error\" ><\/div><div id=\"wpforms-331-field_6-container\" class=\"wpforms-field wpforms-field-textarea\" data-field-id=\"6\"><label class=\"wpforms-field-label wpforms-label-hide\" for=\"wpforms-331-field_6\" aria-hidden=\"false\">Autres renseignements<\/label><textarea id=\"wpforms-331-field_6\" class=\"wpforms-field-medium\" name=\"wpforms[fields][6]\" placeholder=\"Autres renseignements\" aria-errormessage=\"wpforms-331-field_6-error\" ><\/textarea><\/div><div id=\"wpforms-331-field_11-container\" class=\"wpforms-field wpforms-field-checkbox\" data-field-id=\"11\"><fieldset><legend class=\"wpforms-field-label wpforms-label-hide\" aria-hidden=\"false\">Checkboxes<\/legend><ul id=\"wpforms-331-field_11\"><li class=\"choice-1 depth-1\"><input type=\"checkbox\" id=\"wpforms-331-field_11_1\" name=\"wpforms[fields][11][]\" value=\"Je d\u00e9sire rester inform\u00e9.e des nouveaut\u00e9s de Dividuals.\" aria-errormessage=\"wpforms-331-field_11_1-error\" aria-describedby=\"wpforms-331-field_11-description\"  ><label class=\"wpforms-field-label-inline\" for=\"wpforms-331-field_11_1\">Je d\u00e9sire rester inform\u00e9.e des nouveaut\u00e9s de Dividuals.<\/label><\/li><\/ul><div id=\"wpforms-331-field_11-description\" class=\"wpforms-field-description\">SIRIUS Insight traite les donn\u00e9es personnelles et les autres donn\u00e9es en accord avec les lois et r\u00e8glements en application. Vous trouverez plus d\u2019informations dans notre <a href=\"https:\/\/dividuals.be\/fr\/politique-de-confidentialite\/\">politique de confidentialit\u00e9<\/a>.<\/div><\/fieldset><\/div><div id=\"wpforms-331-field_10-container\" class=\"wpforms-field wpforms-field-hidden description\" data-field-id=\"10\"><input type=\"hidden\" id=\"wpforms-331-field_10\" name=\"wpforms[fields][10]\" value=\"Amplifiez le ROI de votre marketing\" aria-errormessage=\"wpforms-331-field_10-error\"><\/div><div id=\"wpforms-331-field_9-container\" class=\"wpforms-field wpforms-field-hidden lang\" data-field-id=\"9\"><input type=\"hidden\" id=\"wpforms-331-field_9\" name=\"wpforms[fields][9]\" aria-errormessage=\"wpforms-331-field_9-error\"><\/div><div id=\"wpforms-331-field_8-container\" class=\"wpforms-field wpforms-field-hidden\" data-field-id=\"8\"><input type=\"hidden\" id=\"wpforms-331-field_8\" name=\"wpforms[fields][8]\" value=\"Website contact\" aria-errormessage=\"wpforms-331-field_8-error\"><\/div><\/div><!-- .wpforms-field-container --><div class=\"wpforms-submit-container\" ><input type=\"hidden\" name=\"wpforms[id]\" value=\"331\"><input type=\"hidden\" name=\"wpforms[author]\" value=\"1\"><button type=\"submit\" name=\"wpforms[submit]\" id=\"wpforms-submit-331\" class=\"wpforms-submit\" data-alt-text=\"Envoyer...\" data-submit-text=\"Envoyer\" aria-live=\"assertive\" value=\"wpforms-submit\">Envoyer<\/button><img decoding=\"async\" src=\"https:\/\/dividuals.be\/wp-content\/plugins\/wpforms\/assets\/images\/submit-spin.svg\" class=\"wpforms-submit-spinner\" style=\"display: none;\" width=\"26\" height=\"26\" alt=\"Chargement en cours\"><\/div><input type=\"hidden\" id=\"ct_checkjs_wpforms_28267ab848bcf807b2ed53c3a8f8fc8a\" name=\"ct_checkjs_wpforms\" value=\"0\" \/><script>setTimeout(function(){var ct_input_name = \"ct_checkjs_wpforms_28267ab848bcf807b2ed53c3a8f8fc8a\";if (document.getElementById(ct_input_name) !== null) {var ct_input_value = document.getElementById(ct_input_name).value;document.getElementById(ct_input_name).value = document.getElementById(ct_input_name).value.replace(ct_input_value, 'af10b0c6c927bc8eda96c71c5e84385b6cfd14f6b89998b4e692995732d85a08');}}, 1000);<\/script><input\n                    class=\"apbct_special_field apbct_email_id__wp_wpforms\"\n                    name=\"apbct__email_id__wp_wpforms\"\n                    aria-label=\"apbct__label_id__wp_wpforms\"\n                    type=\"text\" size=\"30\" maxlength=\"200\" autocomplete=\"off\"\n                    value=\"\"\n                \/><\/form><\/div>  <!-- .wpforms-container -->\n","protected":false},"excerpt":{"rendered":"<p>Dans la qu\u00eate d&rsquo;un ciblage d&rsquo;audience efficace,&#8230;<\/p>\n","protected":false},"author":1,"featured_media":697,"parent":0,"menu_order":0,"comment_status":"closed","ping_status":"closed","template":"","meta":{"footnotes":""},"class_list":["post-1059","page","type-page","status-publish","has-post-thumbnail","hentry"],"acf":[],"yoast_head":"<!-- This site is optimized with the Yoast SEO plugin v27.2 - https:\/\/yoast.com\/product\/yoast-seo-wordpress\/ -->\n<title>Amplifiez le ROI de votre marketing - Dividuals\u00ae by SIRIUS Insight<\/title>\n<meta name=\"robots\" content=\"index, follow, max-snippet:-1, max-image-preview:large, max-video-preview:-1\" \/>\n<link rel=\"canonical\" href=\"https:\/\/dividuals.be\/fr\/amplifiez-le-roi-de-votre-marketing\/\" \/>\n<meta property=\"og:locale\" content=\"fr_FR\" \/>\n<meta property=\"og:type\" content=\"article\" \/>\n<meta property=\"og:title\" content=\"Amplifiez le ROI de votre marketing - Dividuals\u00ae by SIRIUS Insight\" \/>\n<meta property=\"og:description\" content=\"Dans la qu\u00eate d&rsquo;un ciblage d&rsquo;audience efficace,...\" \/>\n<meta property=\"og:url\" content=\"https:\/\/dividuals.be\/fr\/amplifiez-le-roi-de-votre-marketing\/\" \/>\n<meta property=\"og:site_name\" content=\"Dividuals\u00ae by SIRIUS Insight\" \/>\n<meta property=\"article:modified_time\" content=\"2024-03-12T14:03:14+00:00\" \/>\n<meta property=\"og:image\" content=\"https:\/\/dividuals.be\/wp-content\/uploads\/2024\/02\/iStock-473329424-scaled-e1710252181637.jpg\" \/>\n\t<meta property=\"og:image:width\" content=\"2560\" \/>\n\t<meta property=\"og:image:height\" content=\"1696\" \/>\n\t<meta property=\"og:image:type\" content=\"image\/jpeg\" \/>\n<meta name=\"twitter:card\" content=\"summary_large_image\" \/>\n<meta name=\"twitter:label1\" content=\"Dur\u00e9e de lecture estim\u00e9e\" \/>\n\t<meta name=\"twitter:data1\" content=\"2 minutes\" \/>\n<script type=\"application\/ld+json\" class=\"yoast-schema-graph\">{\"@context\":\"https:\/\/schema.org\",\"@graph\":[{\"@type\":\"WebPage\",\"@id\":\"https:\/\/dividuals.be\/fr\/amplifiez-le-roi-de-votre-marketing\/\",\"url\":\"https:\/\/dividuals.be\/fr\/amplifiez-le-roi-de-votre-marketing\/\",\"name\":\"Amplifiez le ROI de votre marketing - Dividuals\u00ae by SIRIUS Insight\",\"isPartOf\":{\"@id\":\"https:\/\/dividuals.be\/fr\/#website\"},\"primaryImageOfPage\":{\"@id\":\"https:\/\/dividuals.be\/fr\/amplifiez-le-roi-de-votre-marketing\/#primaryimage\"},\"image\":{\"@id\":\"https:\/\/dividuals.be\/fr\/amplifiez-le-roi-de-votre-marketing\/#primaryimage\"},\"thumbnailUrl\":\"https:\/\/dividuals.be\/wp-content\/uploads\/2024\/02\/iStock-473329424-scaled-e1710252181637.jpg\",\"datePublished\":\"2024-02-26T10:55:55+00:00\",\"dateModified\":\"2024-03-12T14:03:14+00:00\",\"breadcrumb\":{\"@id\":\"https:\/\/dividuals.be\/fr\/amplifiez-le-roi-de-votre-marketing\/#breadcrumb\"},\"inLanguage\":\"fr-FR\",\"potentialAction\":[{\"@type\":\"ReadAction\",\"target\":[\"https:\/\/dividuals.be\/fr\/amplifiez-le-roi-de-votre-marketing\/\"]}]},{\"@type\":\"ImageObject\",\"inLanguage\":\"fr-FR\",\"@id\":\"https:\/\/dividuals.be\/fr\/amplifiez-le-roi-de-votre-marketing\/#primaryimage\",\"url\":\"https:\/\/dividuals.be\/wp-content\/uploads\/2024\/02\/iStock-473329424-scaled-e1710252181637.jpg\",\"contentUrl\":\"https:\/\/dividuals.be\/wp-content\/uploads\/2024\/02\/iStock-473329424-scaled-e1710252181637.jpg\",\"width\":2560,\"height\":1696,\"caption\":\"The famous Kalverstraat near the Dam Square and city theatre in the background. Tourists and locals are walking. Plenty of shops and logos are visible. Copy space above.\"},{\"@type\":\"BreadcrumbList\",\"@id\":\"https:\/\/dividuals.be\/fr\/amplifiez-le-roi-de-votre-marketing\/#breadcrumb\",\"itemListElement\":[{\"@type\":\"ListItem\",\"position\":1,\"name\":\"Home\",\"item\":\"https:\/\/dividuals.be\/fr\/\"},{\"@type\":\"ListItem\",\"position\":2,\"name\":\"Amplifiez le ROI de votre marketing\"}]},{\"@type\":\"WebSite\",\"@id\":\"https:\/\/dividuals.be\/fr\/#website\",\"url\":\"https:\/\/dividuals.be\/fr\/\",\"name\":\"Dividuals\u00ae by SIRIUS Insight\",\"description\":\"\",\"publisher\":{\"@id\":\"https:\/\/dividuals.be\/fr\/#organization\"},\"potentialAction\":[{\"@type\":\"SearchAction\",\"target\":{\"@type\":\"EntryPoint\",\"urlTemplate\":\"https:\/\/dividuals.be\/fr\/?s={search_term_string}\"},\"query-input\":{\"@type\":\"PropertyValueSpecification\",\"valueRequired\":true,\"valueName\":\"search_term_string\"}}],\"inLanguage\":\"fr-FR\"},{\"@type\":\"Organization\",\"@id\":\"https:\/\/dividuals.be\/fr\/#organization\",\"name\":\"Dividuals\u00ae by SIRIUS Insight\",\"url\":\"https:\/\/dividuals.be\/fr\/\",\"logo\":{\"@type\":\"ImageObject\",\"inLanguage\":\"fr-FR\",\"@id\":\"https:\/\/dividuals.be\/fr\/#\/schema\/logo\/image\/\",\"url\":\"https:\/\/dividuals.be\/wp-content\/uploads\/2024\/03\/dividuals_colors_baseline_digital.jpg\",\"contentUrl\":\"https:\/\/dividuals.be\/wp-content\/uploads\/2024\/03\/dividuals_colors_baseline_digital.jpg\",\"width\":1642,\"height\":1147,\"caption\":\"Dividuals\u00ae by SIRIUS Insight\"},\"image\":{\"@id\":\"https:\/\/dividuals.be\/fr\/#\/schema\/logo\/image\/\"},\"sameAs\":[\"https:\/\/www.linkedin.com\/company\/sirius-insight\"]}]}<\/script>\n<!-- \/ Yoast SEO plugin. -->","yoast_head_json":{"title":"Amplifiez le ROI de votre marketing - Dividuals\u00ae by SIRIUS Insight","robots":{"index":"index","follow":"follow","max-snippet":"max-snippet:-1","max-image-preview":"max-image-preview:large","max-video-preview":"max-video-preview:-1"},"canonical":"https:\/\/dividuals.be\/fr\/amplifiez-le-roi-de-votre-marketing\/","og_locale":"fr_FR","og_type":"article","og_title":"Amplifiez le ROI de votre marketing - Dividuals\u00ae by SIRIUS Insight","og_description":"Dans la qu\u00eate d&rsquo;un ciblage d&rsquo;audience efficace,...","og_url":"https:\/\/dividuals.be\/fr\/amplifiez-le-roi-de-votre-marketing\/","og_site_name":"Dividuals\u00ae by SIRIUS Insight","article_modified_time":"2024-03-12T14:03:14+00:00","og_image":[{"width":2560,"height":1696,"url":"https:\/\/dividuals.be\/wp-content\/uploads\/2024\/02\/iStock-473329424-scaled-e1710252181637.jpg","type":"image\/jpeg"}],"twitter_card":"summary_large_image","twitter_misc":{"Dur\u00e9e de lecture estim\u00e9e":"2 minutes"},"schema":{"@context":"https:\/\/schema.org","@graph":[{"@type":"WebPage","@id":"https:\/\/dividuals.be\/fr\/amplifiez-le-roi-de-votre-marketing\/","url":"https:\/\/dividuals.be\/fr\/amplifiez-le-roi-de-votre-marketing\/","name":"Amplifiez le ROI de votre marketing - Dividuals\u00ae by SIRIUS Insight","isPartOf":{"@id":"https:\/\/dividuals.be\/fr\/#website"},"primaryImageOfPage":{"@id":"https:\/\/dividuals.be\/fr\/amplifiez-le-roi-de-votre-marketing\/#primaryimage"},"image":{"@id":"https:\/\/dividuals.be\/fr\/amplifiez-le-roi-de-votre-marketing\/#primaryimage"},"thumbnailUrl":"https:\/\/dividuals.be\/wp-content\/uploads\/2024\/02\/iStock-473329424-scaled-e1710252181637.jpg","datePublished":"2024-02-26T10:55:55+00:00","dateModified":"2024-03-12T14:03:14+00:00","breadcrumb":{"@id":"https:\/\/dividuals.be\/fr\/amplifiez-le-roi-de-votre-marketing\/#breadcrumb"},"inLanguage":"fr-FR","potentialAction":[{"@type":"ReadAction","target":["https:\/\/dividuals.be\/fr\/amplifiez-le-roi-de-votre-marketing\/"]}]},{"@type":"ImageObject","inLanguage":"fr-FR","@id":"https:\/\/dividuals.be\/fr\/amplifiez-le-roi-de-votre-marketing\/#primaryimage","url":"https:\/\/dividuals.be\/wp-content\/uploads\/2024\/02\/iStock-473329424-scaled-e1710252181637.jpg","contentUrl":"https:\/\/dividuals.be\/wp-content\/uploads\/2024\/02\/iStock-473329424-scaled-e1710252181637.jpg","width":2560,"height":1696,"caption":"The famous Kalverstraat near the Dam Square and city theatre in the background. Tourists and locals are walking. Plenty of shops and logos are visible. Copy space above."},{"@type":"BreadcrumbList","@id":"https:\/\/dividuals.be\/fr\/amplifiez-le-roi-de-votre-marketing\/#breadcrumb","itemListElement":[{"@type":"ListItem","position":1,"name":"Home","item":"https:\/\/dividuals.be\/fr\/"},{"@type":"ListItem","position":2,"name":"Amplifiez le ROI de votre marketing"}]},{"@type":"WebSite","@id":"https:\/\/dividuals.be\/fr\/#website","url":"https:\/\/dividuals.be\/fr\/","name":"Dividuals\u00ae by SIRIUS Insight","description":"","publisher":{"@id":"https:\/\/dividuals.be\/fr\/#organization"},"potentialAction":[{"@type":"SearchAction","target":{"@type":"EntryPoint","urlTemplate":"https:\/\/dividuals.be\/fr\/?s={search_term_string}"},"query-input":{"@type":"PropertyValueSpecification","valueRequired":true,"valueName":"search_term_string"}}],"inLanguage":"fr-FR"},{"@type":"Organization","@id":"https:\/\/dividuals.be\/fr\/#organization","name":"Dividuals\u00ae by SIRIUS Insight","url":"https:\/\/dividuals.be\/fr\/","logo":{"@type":"ImageObject","inLanguage":"fr-FR","@id":"https:\/\/dividuals.be\/fr\/#\/schema\/logo\/image\/","url":"https:\/\/dividuals.be\/wp-content\/uploads\/2024\/03\/dividuals_colors_baseline_digital.jpg","contentUrl":"https:\/\/dividuals.be\/wp-content\/uploads\/2024\/03\/dividuals_colors_baseline_digital.jpg","width":1642,"height":1147,"caption":"Dividuals\u00ae by SIRIUS Insight"},"image":{"@id":"https:\/\/dividuals.be\/fr\/#\/schema\/logo\/image\/"},"sameAs":["https:\/\/www.linkedin.com\/company\/sirius-insight"]}]}},"_links":{"self":[{"href":"https:\/\/dividuals.be\/fr\/wp-json\/wp\/v2\/pages\/1059","targetHints":{"allow":["GET"]}}],"collection":[{"href":"https:\/\/dividuals.be\/fr\/wp-json\/wp\/v2\/pages"}],"about":[{"href":"https:\/\/dividuals.be\/fr\/wp-json\/wp\/v2\/types\/page"}],"author":[{"embeddable":true,"href":"https:\/\/dividuals.be\/fr\/wp-json\/wp\/v2\/users\/1"}],"replies":[{"embeddable":true,"href":"https:\/\/dividuals.be\/fr\/wp-json\/wp\/v2\/comments?post=1059"}],"version-history":[{"count":1,"href":"https:\/\/dividuals.be\/fr\/wp-json\/wp\/v2\/pages\/1059\/revisions"}],"predecessor-version":[{"id":1060,"href":"https:\/\/dividuals.be\/fr\/wp-json\/wp\/v2\/pages\/1059\/revisions\/1060"}],"wp:featuredmedia":[{"embeddable":true,"href":"https:\/\/dividuals.be\/fr\/wp-json\/wp\/v2\/media\/697"}],"wp:attachment":[{"href":"https:\/\/dividuals.be\/fr\/wp-json\/wp\/v2\/media?parent=1059"}],"curies":[{"name":"wp","href":"https:\/\/api.w.org\/{rel}","templated":true}]}}