{"id":1102,"date":"2024-02-26T10:57:56","date_gmt":"2024-02-26T10:57:56","guid":{"rendered":"https:\/\/dividuals.be\/partenaires\/"},"modified":"2025-07-18T12:26:36","modified_gmt":"2025-07-18T12:26:36","slug":"partenaires","status":"publish","type":"page","link":"https:\/\/dividuals.be\/fr\/partenaires\/","title":{"rendered":"Partenaires"},"content":{"rendered":"\n<p>Dividuals\u00ae est compos\u00e9 d&rsquo;un vaste r\u00e9seau de partenaires qui int\u00e8grent Dividuals\u00ae dans leur offre ou qui exploitent la puissance de la segmentation des consommateurs Dividuals\u00ae dans des services de conseil et de mod\u00e9lisation pr\u00e9dictive.<\/p>\n\n<ul class=\"wp-block-list\">\n<li><strong><a href=\"https:\/\/siriusinsight.be\/\">SIRIUS Insight<\/a><\/strong> : Licences de donn\u00e9es, enrichissement de donn\u00e9es, d\u00e9finition de groupes cibles et strat\u00e9gie g\u00e9omarketing.<\/li>\n\n\n\n<li><strong><a href=\"https:\/\/www.freedelity.be\/fr\/index.ks\">Freedelity<\/a><\/strong> : Compl\u00e9ment CustoCentrix, Data Quality.<\/li>\n\n\n\n<li><strong><a href=\"https:\/\/thewave.digital\/fr\/\">The Wave<\/a><\/strong> : Ciblage de publipostage, e-mailing, audiences en ligne, audiences SMS.<\/li>\n\n\n\n<li><strong><a href=\"https:\/\/pro-mailing.be\/home\">Promailing\/Sevenn<\/a><\/strong> : Distributions postales cibl\u00e9es.<\/li>\n\n\n\n<li><strong><a href=\"https:\/\/locatus.com\/fr\/\">Locatus<\/a><\/strong> : Qualification de la zone de chalandise dans leurs outils en ligne.<\/li>\n\n\n\n<li><strong><a href=\"https:\/\/www.envisia.nl\/\">Envisia<\/a><\/strong> : Plateforme FMCG pour FMCG.<\/li>\n\n\n\n<li><strong><a href=\"https:\/\/www.bauermedia.com\/\">Bauer Media Outdoor Belgium<\/a>:<\/strong> S\u00e9lection de panneaux publicitaires bas\u00e9e sur les groupes cibles et les affinit\u00e9s.<\/li>\n\n\n\n<li><strong><a href=\"https:\/\/www.blacktigerbelgium.tech\/?lang=fr\">Black Tiger Belgium<\/a><\/strong> : Int\u00e9gration dans GeoInfo.<\/li>\n\n\n\n<li><strong><a href=\"https:\/\/www.whooz.nl\/english\/\">Whooz<\/a><\/strong> : Partenaire n\u00e9erlandais permettant l&rsquo;utilisation internationale des segmentations de consommateurs.<\/li>\n\n\n\n<li><strong><a href=\"https:\/\/addretail.com\/fr\/\">AddRetail<\/a><\/strong> : Strat\u00e9gies marketing et campagnes adapt\u00e9es aux sp\u00e9cificit\u00e9s de votre groupe cible<\/li>\n\n\n\n<li><strong><a href=\"https:\/\/www.agilytic.be\/\">Agilytic<\/a><\/strong> : Scores pr\u00e9dictifs int\u00e9grant la puissance de Dividuals\u00ae)<\/li>\n<\/ul>\n\n<h2 class=\"wp-block-heading\">Contactez-nous pour d\u00e9terminer la meilleure approche en fonction de vos objectifs.<\/h2>\n<div class=\"wpforms-container wpforms-container-full wpforms-render-modern\" id=\"wpforms-747\"><form id=\"wpforms-form-747\" class=\"wpforms-validate wpforms-form wpforms-ajax-form\" data-formid=\"747\" method=\"post\" enctype=\"multipart\/form-data\" action=\"\/fr\/wp-json\/wp\/v2\/pages\/1102\" data-token=\"c110b477141a03b967dcfd45518da21c\"><noscript class=\"wpforms-error-noscript\">Veuillez activer JavaScript dans votre navigateur pour remplir ce formulaire.<\/noscript><div class=\"wpforms-hidden\" id=\"wpforms-error-noscript\">Veuillez activer JavaScript dans votre navigateur pour remplir ce formulaire.<\/div><div class=\"wpforms-field-container\"><div id=\"wpforms-747-field_1-container\" class=\"wpforms-field wpforms-field-text\" data-field-id=\"1\"><label class=\"wpforms-field-label wpforms-label-hide\" for=\"wpforms-747-field_1\" aria-hidden=\"false\">Entreprise <span class=\"wpforms-required-label\" aria-hidden=\"true\">*<\/span><\/label><input type=\"text\" id=\"wpforms-747-field_1\" class=\"wpforms-field-medium wpforms-field-required\" name=\"wpforms[fields][1]\" placeholder=\"Entreprise*\" aria-errormessage=\"wpforms-747-field_1-error\" required><\/div><div id=\"wpforms-747-field_2-container\" class=\"wpforms-field wpforms-field-text\" data-field-id=\"2\"><label class=\"wpforms-field-label wpforms-label-hide\" for=\"wpforms-747-field_2\" aria-hidden=\"false\">Nom <span class=\"wpforms-required-label\" aria-hidden=\"true\">*<\/span><\/label><input type=\"text\" id=\"wpforms-747-field_2\" class=\"wpforms-field-medium wpforms-field-required\" name=\"wpforms[fields][2]\" placeholder=\"Nom*\" aria-errormessage=\"wpforms-747-field_2-error\" required><\/div><div id=\"wpforms-747-field_3-container\" class=\"wpforms-field wpforms-field-text\" data-field-id=\"3\"><label class=\"wpforms-field-label\" for=\"wpforms-747-field_3\">Email <span class=\"wpforms-required-label\" aria-hidden=\"true\">*<\/span><\/label><input type=\"text\" id=\"wpforms-747-field_3\" class=\"wpforms-field-medium wpforms-field-required\" name=\"wpforms[fields][3]\" placeholder=\"Email*\" aria-errormessage=\"wpforms-747-field_3-error\" required><\/div><div id=\"wpforms-747-field_4-container\" class=\"wpforms-field wpforms-field-text\" data-field-id=\"4\"><label class=\"wpforms-field-label wpforms-label-hide\" for=\"wpforms-747-field_4\" aria-hidden=\"false\">Num\u00e9ro de t\u00e9l\u00e9phone<\/label><input type=\"text\" id=\"wpforms-747-field_4\" class=\"wpforms-field-medium\" name=\"wpforms[fields][4]\" aria-errormessage=\"wpforms-747-field_4-error\" ><\/div><div id=\"wpforms-747-field_6-container\" class=\"wpforms-field wpforms-field-textarea\" data-field-id=\"6\"><label class=\"wpforms-field-label wpforms-label-hide\" for=\"wpforms-747-field_6\" aria-hidden=\"false\">Comment souhaitez-vous d\u00e9buter avec Dividuals<\/label><textarea id=\"wpforms-747-field_6\" class=\"wpforms-field-medium\" name=\"wpforms[fields][6]\" placeholder=\"Comment souhaitez-vous d\u00e9buter avec Dividuals\" aria-errormessage=\"wpforms-747-field_6-error\" ><\/textarea><\/div><div id=\"wpforms-747-field_11-container\" class=\"wpforms-field wpforms-field-checkbox\" data-field-id=\"11\"><fieldset><legend class=\"wpforms-field-label wpforms-label-hide\" aria-hidden=\"false\">Checkboxes<\/legend><ul id=\"wpforms-747-field_11\"><li class=\"choice-1 depth-1\"><input type=\"checkbox\" id=\"wpforms-747-field_11_1\" name=\"wpforms[fields][11][]\" value=\"Je d\u00e9sire rester inform\u00e9.e des nouveaut\u00e9s de Dividuals.\" aria-errormessage=\"wpforms-747-field_11_1-error\" aria-describedby=\"wpforms-747-field_11-description\"  ><label class=\"wpforms-field-label-inline\" for=\"wpforms-747-field_11_1\">Je d\u00e9sire rester inform\u00e9.e des nouveaut\u00e9s de Dividuals.<\/label><\/li><\/ul><div id=\"wpforms-747-field_11-description\" class=\"wpforms-field-description\">SIRIUS Insight traite les donn\u00e9es personnelles et les autres donn\u00e9es en accord avec les lois et r\u00e8glements en application. Vous trouverez plus d\u2019informations dans notre <a href=\"https:\/\/dividuals.be\/fr\/politique-de-confidentialite\/\">politique de confidentialit\u00e9<\/a>.<\/div><\/fieldset><\/div><div id=\"wpforms-747-field_10-container\" class=\"wpforms-field wpforms-field-hidden description\" data-field-id=\"10\"><input type=\"hidden\" id=\"wpforms-747-field_10\" name=\"wpforms[fields][10]\" value=\"Partenaires\" aria-errormessage=\"wpforms-747-field_10-error\"><\/div><div id=\"wpforms-747-field_9-container\" class=\"wpforms-field wpforms-field-hidden lang\" data-field-id=\"9\"><input type=\"hidden\" id=\"wpforms-747-field_9\" name=\"wpforms[fields][9]\" aria-errormessage=\"wpforms-747-field_9-error\"><\/div><div id=\"wpforms-747-field_8-container\" class=\"wpforms-field wpforms-field-hidden\" data-field-id=\"8\"><input type=\"hidden\" id=\"wpforms-747-field_8\" name=\"wpforms[fields][8]\" value=\"Website contact\" aria-errormessage=\"wpforms-747-field_8-error\"><\/div><\/div><!-- .wpforms-field-container --><div class=\"wpforms-submit-container\" ><input type=\"hidden\" name=\"wpforms[id]\" value=\"747\"><input type=\"hidden\" name=\"wpforms[author]\" value=\"1\"><button type=\"submit\" name=\"wpforms[submit]\" id=\"wpforms-submit-747\" class=\"wpforms-submit\" data-alt-text=\"Envoyer...\" data-submit-text=\"Envoyer\" aria-live=\"assertive\" value=\"wpforms-submit\">Envoyer<\/button><img decoding=\"async\" src=\"https:\/\/dividuals.be\/wp-content\/plugins\/wpforms\/assets\/images\/submit-spin.svg\" class=\"wpforms-submit-spinner\" style=\"display: none;\" width=\"26\" height=\"26\" alt=\"Chargement en cours\"><\/div><input type=\"hidden\" id=\"ct_checkjs_wpforms_a49e9411d64ff53eccfdd09ad10a15b3\" name=\"ct_checkjs_wpforms\" value=\"0\" \/><script>setTimeout(function(){var ct_input_name = \"ct_checkjs_wpforms_a49e9411d64ff53eccfdd09ad10a15b3\";if (document.getElementById(ct_input_name) !== null) {var ct_input_value = document.getElementById(ct_input_name).value;document.getElementById(ct_input_name).value = document.getElementById(ct_input_name).value.replace(ct_input_value, 'af10b0c6c927bc8eda96c71c5e84385b6cfd14f6b89998b4e692995732d85a08');}}, 1000);<\/script><input\n                    class=\"apbct_special_field apbct_email_id__wp_wpforms\"\n                    name=\"apbct__email_id__wp_wpforms\"\n                    aria-label=\"apbct__label_id__wp_wpforms\"\n                    type=\"text\" size=\"30\" maxlength=\"200\" autocomplete=\"off\"\n                    value=\"\"\n                \/><\/form><\/div>  <!-- .wpforms-container -->\n","protected":false},"excerpt":{"rendered":"<p>Dividuals\u00ae est compos\u00e9 d&rsquo;un vaste r\u00e9seau de partena&#8230;<\/p>\n","protected":false},"author":1,"featured_media":697,"parent":0,"menu_order":0,"comment_status":"closed","ping_status":"closed","template":"","meta":{"footnotes":""},"class_list":["post-1102","page","type-page","status-publish","has-post-thumbnail","hentry"],"acf":[],"yoast_head":"<!-- This site is optimized with the Yoast SEO plugin v27.2 - https:\/\/yoast.com\/product\/yoast-seo-wordpress\/ -->\n<title>Partenaires - Dividuals\u00ae by SIRIUS Insight<\/title>\n<meta name=\"robots\" content=\"index, follow, max-snippet:-1, max-image-preview:large, max-video-preview:-1\" \/>\n<link rel=\"canonical\" href=\"https:\/\/dividuals.be\/fr\/partenaires\/\" \/>\n<meta property=\"og:locale\" content=\"fr_FR\" \/>\n<meta property=\"og:type\" content=\"article\" \/>\n<meta property=\"og:title\" content=\"Partenaires - Dividuals\u00ae by SIRIUS Insight\" \/>\n<meta property=\"og:description\" content=\"Dividuals\u00ae est compos\u00e9 d&rsquo;un vaste r\u00e9seau de partena...\" \/>\n<meta property=\"og:url\" content=\"https:\/\/dividuals.be\/fr\/partenaires\/\" \/>\n<meta property=\"og:site_name\" content=\"Dividuals\u00ae by SIRIUS Insight\" \/>\n<meta property=\"article:modified_time\" content=\"2025-07-18T12:26:36+00:00\" \/>\n<meta property=\"og:image\" content=\"https:\/\/dividuals.be\/wp-content\/uploads\/2024\/02\/iStock-473329424-scaled-e1710252181637.jpg\" \/>\n\t<meta property=\"og:image:width\" content=\"2560\" \/>\n\t<meta property=\"og:image:height\" content=\"1696\" \/>\n\t<meta property=\"og:image:type\" content=\"image\/jpeg\" \/>\n<meta name=\"twitter:card\" content=\"summary_large_image\" \/>\n<meta name=\"twitter:label1\" content=\"Dur\u00e9e de lecture estim\u00e9e\" \/>\n\t<meta name=\"twitter:data1\" content=\"1 minute\" \/>\n<script type=\"application\/ld+json\" class=\"yoast-schema-graph\">{\"@context\":\"https:\/\/schema.org\",\"@graph\":[{\"@type\":\"WebPage\",\"@id\":\"https:\/\/dividuals.be\/fr\/partenaires\/\",\"url\":\"https:\/\/dividuals.be\/fr\/partenaires\/\",\"name\":\"Partenaires - Dividuals\u00ae by SIRIUS Insight\",\"isPartOf\":{\"@id\":\"https:\/\/dividuals.be\/fr\/#website\"},\"primaryImageOfPage\":{\"@id\":\"https:\/\/dividuals.be\/fr\/partenaires\/#primaryimage\"},\"image\":{\"@id\":\"https:\/\/dividuals.be\/fr\/partenaires\/#primaryimage\"},\"thumbnailUrl\":\"https:\/\/dividuals.be\/wp-content\/uploads\/2024\/02\/iStock-473329424-scaled-e1710252181637.jpg\",\"datePublished\":\"2024-02-26T10:57:56+00:00\",\"dateModified\":\"2025-07-18T12:26:36+00:00\",\"breadcrumb\":{\"@id\":\"https:\/\/dividuals.be\/fr\/partenaires\/#breadcrumb\"},\"inLanguage\":\"fr-FR\",\"potentialAction\":[{\"@type\":\"ReadAction\",\"target\":[\"https:\/\/dividuals.be\/fr\/partenaires\/\"]}]},{\"@type\":\"ImageObject\",\"inLanguage\":\"fr-FR\",\"@id\":\"https:\/\/dividuals.be\/fr\/partenaires\/#primaryimage\",\"url\":\"https:\/\/dividuals.be\/wp-content\/uploads\/2024\/02\/iStock-473329424-scaled-e1710252181637.jpg\",\"contentUrl\":\"https:\/\/dividuals.be\/wp-content\/uploads\/2024\/02\/iStock-473329424-scaled-e1710252181637.jpg\",\"width\":2560,\"height\":1696,\"caption\":\"The famous Kalverstraat near the Dam Square and city theatre in the background. Tourists and locals are walking. Plenty of shops and logos are visible. Copy space above.\"},{\"@type\":\"BreadcrumbList\",\"@id\":\"https:\/\/dividuals.be\/fr\/partenaires\/#breadcrumb\",\"itemListElement\":[{\"@type\":\"ListItem\",\"position\":1,\"name\":\"Home\",\"item\":\"https:\/\/dividuals.be\/fr\/\"},{\"@type\":\"ListItem\",\"position\":2,\"name\":\"Partenaires\"}]},{\"@type\":\"WebSite\",\"@id\":\"https:\/\/dividuals.be\/fr\/#website\",\"url\":\"https:\/\/dividuals.be\/fr\/\",\"name\":\"Dividuals\u00ae by SIRIUS Insight\",\"description\":\"\",\"publisher\":{\"@id\":\"https:\/\/dividuals.be\/fr\/#organization\"},\"potentialAction\":[{\"@type\":\"SearchAction\",\"target\":{\"@type\":\"EntryPoint\",\"urlTemplate\":\"https:\/\/dividuals.be\/fr\/?s={search_term_string}\"},\"query-input\":{\"@type\":\"PropertyValueSpecification\",\"valueRequired\":true,\"valueName\":\"search_term_string\"}}],\"inLanguage\":\"fr-FR\"},{\"@type\":\"Organization\",\"@id\":\"https:\/\/dividuals.be\/fr\/#organization\",\"name\":\"Dividuals\u00ae by SIRIUS Insight\",\"url\":\"https:\/\/dividuals.be\/fr\/\",\"logo\":{\"@type\":\"ImageObject\",\"inLanguage\":\"fr-FR\",\"@id\":\"https:\/\/dividuals.be\/fr\/#\/schema\/logo\/image\/\",\"url\":\"https:\/\/dividuals.be\/wp-content\/uploads\/2024\/03\/dividuals_colors_baseline_digital.jpg\",\"contentUrl\":\"https:\/\/dividuals.be\/wp-content\/uploads\/2024\/03\/dividuals_colors_baseline_digital.jpg\",\"width\":1642,\"height\":1147,\"caption\":\"Dividuals\u00ae by SIRIUS Insight\"},\"image\":{\"@id\":\"https:\/\/dividuals.be\/fr\/#\/schema\/logo\/image\/\"},\"sameAs\":[\"https:\/\/www.linkedin.com\/company\/sirius-insight\"]}]}<\/script>\n<!-- \/ Yoast SEO plugin. -->","yoast_head_json":{"title":"Partenaires - Dividuals\u00ae by SIRIUS Insight","robots":{"index":"index","follow":"follow","max-snippet":"max-snippet:-1","max-image-preview":"max-image-preview:large","max-video-preview":"max-video-preview:-1"},"canonical":"https:\/\/dividuals.be\/fr\/partenaires\/","og_locale":"fr_FR","og_type":"article","og_title":"Partenaires - Dividuals\u00ae by SIRIUS Insight","og_description":"Dividuals\u00ae est compos\u00e9 d&rsquo;un vaste r\u00e9seau de partena...","og_url":"https:\/\/dividuals.be\/fr\/partenaires\/","og_site_name":"Dividuals\u00ae by SIRIUS Insight","article_modified_time":"2025-07-18T12:26:36+00:00","og_image":[{"width":2560,"height":1696,"url":"https:\/\/dividuals.be\/wp-content\/uploads\/2024\/02\/iStock-473329424-scaled-e1710252181637.jpg","type":"image\/jpeg"}],"twitter_card":"summary_large_image","twitter_misc":{"Dur\u00e9e de lecture estim\u00e9e":"1 minute"},"schema":{"@context":"https:\/\/schema.org","@graph":[{"@type":"WebPage","@id":"https:\/\/dividuals.be\/fr\/partenaires\/","url":"https:\/\/dividuals.be\/fr\/partenaires\/","name":"Partenaires - Dividuals\u00ae by SIRIUS Insight","isPartOf":{"@id":"https:\/\/dividuals.be\/fr\/#website"},"primaryImageOfPage":{"@id":"https:\/\/dividuals.be\/fr\/partenaires\/#primaryimage"},"image":{"@id":"https:\/\/dividuals.be\/fr\/partenaires\/#primaryimage"},"thumbnailUrl":"https:\/\/dividuals.be\/wp-content\/uploads\/2024\/02\/iStock-473329424-scaled-e1710252181637.jpg","datePublished":"2024-02-26T10:57:56+00:00","dateModified":"2025-07-18T12:26:36+00:00","breadcrumb":{"@id":"https:\/\/dividuals.be\/fr\/partenaires\/#breadcrumb"},"inLanguage":"fr-FR","potentialAction":[{"@type":"ReadAction","target":["https:\/\/dividuals.be\/fr\/partenaires\/"]}]},{"@type":"ImageObject","inLanguage":"fr-FR","@id":"https:\/\/dividuals.be\/fr\/partenaires\/#primaryimage","url":"https:\/\/dividuals.be\/wp-content\/uploads\/2024\/02\/iStock-473329424-scaled-e1710252181637.jpg","contentUrl":"https:\/\/dividuals.be\/wp-content\/uploads\/2024\/02\/iStock-473329424-scaled-e1710252181637.jpg","width":2560,"height":1696,"caption":"The famous Kalverstraat near the Dam Square and city theatre in the background. Tourists and locals are walking. Plenty of shops and logos are visible. Copy space above."},{"@type":"BreadcrumbList","@id":"https:\/\/dividuals.be\/fr\/partenaires\/#breadcrumb","itemListElement":[{"@type":"ListItem","position":1,"name":"Home","item":"https:\/\/dividuals.be\/fr\/"},{"@type":"ListItem","position":2,"name":"Partenaires"}]},{"@type":"WebSite","@id":"https:\/\/dividuals.be\/fr\/#website","url":"https:\/\/dividuals.be\/fr\/","name":"Dividuals\u00ae by SIRIUS Insight","description":"","publisher":{"@id":"https:\/\/dividuals.be\/fr\/#organization"},"potentialAction":[{"@type":"SearchAction","target":{"@type":"EntryPoint","urlTemplate":"https:\/\/dividuals.be\/fr\/?s={search_term_string}"},"query-input":{"@type":"PropertyValueSpecification","valueRequired":true,"valueName":"search_term_string"}}],"inLanguage":"fr-FR"},{"@type":"Organization","@id":"https:\/\/dividuals.be\/fr\/#organization","name":"Dividuals\u00ae by SIRIUS Insight","url":"https:\/\/dividuals.be\/fr\/","logo":{"@type":"ImageObject","inLanguage":"fr-FR","@id":"https:\/\/dividuals.be\/fr\/#\/schema\/logo\/image\/","url":"https:\/\/dividuals.be\/wp-content\/uploads\/2024\/03\/dividuals_colors_baseline_digital.jpg","contentUrl":"https:\/\/dividuals.be\/wp-content\/uploads\/2024\/03\/dividuals_colors_baseline_digital.jpg","width":1642,"height":1147,"caption":"Dividuals\u00ae by SIRIUS Insight"},"image":{"@id":"https:\/\/dividuals.be\/fr\/#\/schema\/logo\/image\/"},"sameAs":["https:\/\/www.linkedin.com\/company\/sirius-insight"]}]}},"_links":{"self":[{"href":"https:\/\/dividuals.be\/fr\/wp-json\/wp\/v2\/pages\/1102","targetHints":{"allow":["GET"]}}],"collection":[{"href":"https:\/\/dividuals.be\/fr\/wp-json\/wp\/v2\/pages"}],"about":[{"href":"https:\/\/dividuals.be\/fr\/wp-json\/wp\/v2\/types\/page"}],"author":[{"embeddable":true,"href":"https:\/\/dividuals.be\/fr\/wp-json\/wp\/v2\/users\/1"}],"replies":[{"embeddable":true,"href":"https:\/\/dividuals.be\/fr\/wp-json\/wp\/v2\/comments?post=1102"}],"version-history":[{"count":8,"href":"https:\/\/dividuals.be\/fr\/wp-json\/wp\/v2\/pages\/1102\/revisions"}],"predecessor-version":[{"id":1966,"href":"https:\/\/dividuals.be\/fr\/wp-json\/wp\/v2\/pages\/1102\/revisions\/1966"}],"wp:featuredmedia":[{"embeddable":true,"href":"https:\/\/dividuals.be\/fr\/wp-json\/wp\/v2\/media\/697"}],"wp:attachment":[{"href":"https:\/\/dividuals.be\/fr\/wp-json\/wp\/v2\/media?parent=1102"}],"curies":[{"name":"wp","href":"https:\/\/api.w.org\/{rel}","templated":true}]}}