{"id":1600,"date":"2024-02-09T12:18:53","date_gmt":"2024-02-09T12:18:53","guid":{"rendered":"https:\/\/dividuals.be\/?page_id=1600"},"modified":"2024-08-30T06:38:12","modified_gmt":"2024-08-30T06:38:12","slug":"politique-de-confidentialite","status":"publish","type":"page","link":"https:\/\/dividuals.be\/fr\/politique-de-confidentialite\/","title":{"rendered":"D\u00e9claration de confidentialit\u00e9 de SIRIUS Insight"},"content":{"rendered":"\n<p>Derni\u00e8re mise \u00e0 jour : avril 2022<\/p>\n\n\n\n<p>SIRIUS Insight fournit \u00e0 ses clients des services de g\u00e9omarketing. Il s\u2019agit de de conseils analytiques sur les localisations et la connaissance clients ainsi que des donn\u00e9es. Avec cela, nous donnons \u00e0 nos clients des informations qui leur permettent de prendre des d\u00e9cisions optimales.<br>Dans le cadre de nos services, nous donnons \u00e0 nos clients un aper\u00e7u des caract\u00e9ristiques et des comportements des m\u00e9nages belges.<\/p>\n\n\n\n<p>SIRIUS Insight dispose de segmentations de consommateurs \u00e0 diff\u00e9rents niveaux g\u00e9ographiques, y compris par exemple le quartier et la rue. Lorsque ces segmentations de consommateurs concernent des personnes identifi\u00e9es ou identifiables, il s\u2019agit de donn\u00e9es personnelles.<\/p>\n\n\n\n<p>Nos donn\u00e9es de segmentation ne contiennent aucune donn\u00e9e qui identifie directement les individus, tels que le pr\u00e9nom, le nom de famille et la date de naissance. De plus, SIRIUS Insight n\u2019utilise pas de num\u00e9ros de t\u00e9l\u00e9phone, d\u2019adresses e-mail et d\u2019adresses IP dans le contexte des segmentations des consommateurs.<\/p>\n\n\n\n<p>SIRIUS Insight collecte certaines informations de contact (professionnel) lorsque vous demandez des informations via notre site web, vous vous inscrivez \u00e0 un \u00e9v\u00e9nement ou vous vous abonnez \u00e0 notre newsletter. Ces donn\u00e9es sont des donn\u00e9es personnelles.<\/p>\n\n\n\n<p>SIRIUS Insight collecte \u00e9galement des donn\u00e9es sur la visite et l\u2019utilisation de notre site web. Lorsque ces donn\u00e9es concernent des personnes physiques identifi\u00e9es ou identifiables, il s\u2019agit de donn\u00e9es personnelles. Nous vous demandons votre consentement pour ces traitements au moyen de notre fen\u00eatre de cookies. Vous pouvez trouver plus d\u2019informations \u00e0 ce sujet dans le chapitre sur les cookies plus loin dans cette d\u00e9claration de confidentialit\u00e9.<\/p>\n\n\n\n<p>SIRIUS Insight traite les donn\u00e9es personnelles et autres donn\u00e9es conform\u00e9ment aux lois et r\u00e8glements applicables. Parce que nous y attachons une grande importance, nous avons pris un grand nombre de dispositions pour veiller \u00e0 ce que le traitement soit effectu\u00e9 conform\u00e9ment \u00e0 la l\u00e9gislation sur la protection de la vie priv\u00e9e en Belgique (par exemple, le R\u00e8glement g\u00e9n\u00e9ral sur la protection des donn\u00e9es \u2013 2016\/679\/UE). Dans ce contexte, SIRIUS Insight souhaite \u00e9galement apporter la clart\u00e9 n\u00e9cessaire sur la fa\u00e7on dont elle traite les donn\u00e9es (personnelles).<\/p>\n\n\n\n<h2 class=\"wp-block-heading\">Terminologie utilis\u00e9e<\/h2>\n\n\n\n<p>Ce document utilise les termes suivants :<\/p>\n\n\n\n<p>SIRIUS Insight : la soci\u00e9t\u00e9 SIRIUS Insight SRL\/BV, Avenue Alexander Fleming 10, 1348 Louvain-la-Neuve dont le num\u00e9ro d\u2019entreprise est 0440.647.343. SIRIUS Insight agit au titre de contr\u00f4leur pour les activit\u00e9s de traitement incluses dans cette d\u00e9claration de confidentialit\u00e9.<\/p>\n\n\n\n<p>Donn\u00e9es sources : toutes les donn\u00e9es et informations que SIRIUS Insight acquiert aupr\u00e8s des fournisseurs de donn\u00e9es et transforme en donn\u00e9es SIRIUS Insight.<\/p>\n\n\n\n<p>Donn\u00e9es SIRIUS Insight : les produits finaux que SIRIUS Insight livre \u00e0 ses clients. Ces produits sont le r\u00e9sultat de combinaisons et de traitements statistiques des diff\u00e9rentes donn\u00e9es sources.<\/p>\n\n\n\n<p>Sujet de donn\u00e9es : la personne physique dont les donn\u00e9es personnelles sont trait\u00e9es.<\/p>\n\n\n\n<h2 class=\"wp-block-heading\">Protection des donn\u00e9es personnelles<\/h2>\n\n\n\n<p>SIRIUS Insight attache une grande importance \u00e0 la s\u00e9curit\u00e9 des donn\u00e9es personnelles qu\u2019elle traite. \u00c0 cette fin, SIRIUS Insight veille conform\u00e9ment \u00e0 l\u2019art. 32 du RGPD \u00e0 un niveau de s\u00e9curit\u00e9 ad\u00e9quat et prend les mesures techniques et organisationnelles appropri\u00e9es pour minimiser les risques de traitement.<\/p>\n\n\n\n<h2 class=\"wp-block-heading\">Objet et base juridique du traitement<\/h2>\n\n\n\n<h3 class=\"wp-block-heading\">Segmentations de consommateurs<\/h3>\n\n\n\n<p>Le but des services de SIRIUS Insight est de fournir \u00e0 ses clients des services de g\u00e9omarketing comprenant des conseils analytiques sur les localisations et la connaissance clients, ainsi que des donn\u00e9es. \u00c0 cette fin, SIRIUS Insight utilise les segmentations des consommateurs qu\u2019elle d\u00e9veloppe et maintient elle-m\u00eame.<br>Ces segmentations de consommateurs sont disponibles \u00e0 diff\u00e9rents niveaux g\u00e9ographiques (par exemple quartier ou rue) et fournissent un aper\u00e7u des caract\u00e9ristiques, des int\u00e9r\u00eats et des comportements des m\u00e9nages en Belgique.<br>Les segmentations peuvent \u00eatre utilis\u00e9es par les clients SIRIUS Insight pour :<\/p>\n\n\n\n<ul class=\"wp-block-list\">\n<li>analyses marketing (directes) ;<\/li>\n\n\n\n<li>Analyses des groupes cibles ;<\/li>\n\n\n\n<li>S\u00e9lections des groupes cibles ;<\/li>\n\n\n\n<li>Etudes de localisation ;<\/li>\n\n\n\n<li>Analyses statistiques.<\/li>\n\n\n\n<li>Les segmentations peuvent \u00eatre fournies par certains partenaires de SIRIUS Insight \u00e0 leurs clients finaux qui peuvent utiliser les segmentations pour les applications mentionn\u00e9es ci-dessus.<\/li>\n<\/ul>\n\n\n\n<p>SIRIUS Insight interdit explicitement \u00e0 ses clients et partenaires d\u2019utiliser les segmentations pour :<\/p>\n\n\n\n<ul class=\"wp-block-list\">\n<li>Fournir des services d\u2019analyse (g\u00e9o)marketing et\/ou des services d\u2019agences d\u2019information (commerciales) \u00e0 des tiers ;<\/li>\n\n\n\n<li>Livrer, sous-licencier ou autrement rendre publique et\/ou la mise \u00e0 la disposition de tiers ;<\/li>\n\n\n\n<li>\u00c9valuer la solvabilit\u00e9 des consommateurs ;<\/li>\n\n\n\n<li>La prise de d\u00e9cisions automatis\u00e9es concernant des personnes physiques qui ont des effets juridiques sur la personne concern\u00e9e ou qui affectent dans une large mesure la personne concern\u00e9e.<\/li>\n<\/ul>\n\n\n\n<h3 class=\"wp-block-heading\">Donn\u00e9es de contact<\/h3>\n\n\n\n<p>Lorsque vous demandez des informations via ce site web ou que vous vous inscrivez \u00e0 un \u00e9v\u00e9nement, nous vous demandons certains coordonn\u00e9es (professionnelles). Nous le faisons afin de traiter votre demande correctement et pour \u00eatre en mesure d\u2019ex\u00e9cuter le contrat que vous concluez avec nous de cette mani\u00e8re. Vos coordonn\u00e9es (professionnelles) sont incluses dans notre base de donn\u00e9es. Lorsque vous vous inscrivez \u00e0 notre newsletter, vos coordonn\u00e9es (professionnelles) sont \u00e9galement incluses dans notre base de donn\u00e9es. Lorsque vous vous inscrivez, vous nous autorisez \u00e0 stocker vos donn\u00e9es dans notre base de donn\u00e9es et \u00e0 les utiliser pour vous contacter.<br>Vos donn\u00e9es sont incluses dans une base de donn\u00e9es SIRIUS Insight et ne seront pas partag\u00e9es avec des tiers \u00e0 moins qu\u2019ils ne soient explicitement indiqu\u00e9s lorsque nous demandons vos informations.<\/p>\n\n\n\n<p>Si vous ne souhaitez plus recevoir de messages de SIRIUS Insight, vous pouvez vous d\u00e9sabonner en utilisant le lien de d\u00e9sabonnement dans nos courriels ou en remplissant le formulaire de <a href=\"https:\/\/dividuals.be\/fr\/contact\/\">contact<\/a> sur notre site Web.<\/p>\n\n\n\n<h2 class=\"wp-block-heading\">Traitement des donn\u00e9es (personnelles) pour la cr\u00e9ation de segments de consommateurs<\/h2>\n\n\n\n<p>En ce qui concerne les produits d\u2019information de SIRIUS Insight, il existe 2 cat\u00e9gories de donn\u00e9es :<\/p>\n\n\n\n<ul class=\"wp-block-list\">\n<li>Donn\u00e9es sources<\/li>\n\n\n\n<li>Donn\u00e9es SIRIUS Insight<\/li>\n<\/ul>\n\n\n\n<h3 class=\"wp-block-heading\">Donn\u00e9es sources<\/h3>\n\n\n\n<p>SIRIUS Insight utilise des donn\u00e9es sources provenant de sources publiques (p. ex. le gouvernement) et de partenaires commerciaux pour d\u00e9velopper ses produits d\u2019information. Un accord est conclu avec les partenaires commerciaux, qui stipule que la collecte des donn\u00e9es sources par le partenaire commercial et son traitement dans les donn\u00e9es SIRIUS Insight a lieu conform\u00e9ment \u00e0 la loi et \u00e0 la r\u00e9glementation.<\/p>\n\n\n\n<p>Les donn\u00e9es provenant de sources publiques ne sont pas consid\u00e9r\u00e9es comme des donn\u00e9es personnelles. Ces donn\u00e9es sont anonymis\u00e9es et agr\u00e9g\u00e9es.<\/p>\n\n\n\n<p>Les donn\u00e9es des partenaires commerciaux peuvent contenir des donn\u00e9es personnelles. Il ne s\u2019agit que de donn\u00e9es d\u2019identification telles que l\u2019adresse postale, le sexe ou l\u2019ann\u00e9e de naissance. Ces donn\u00e9es ne sont trait\u00e9es que si vous avez donn\u00e9 votre consentement valable.<\/p>\n\n\n\n<h3 class=\"wp-block-heading\">SIRIUS Insight data<\/h3>\n\n\n\n<p>SIRIUS Insight traite les donn\u00e9es sources dans le produit final, les donn\u00e9es SIRIUS Insight. Nous traitons ces donn\u00e9es sources sur la base de votre consentement. Ces donn\u00e9es sont utilis\u00e9es par SIRIUS Insight pour donner \u00e0 ses clients un aper\u00e7u des caract\u00e9ristiques, des int\u00e9r\u00eats et des comportements des m\u00e9nages belges.<br>Le produit final, les donn\u00e9es SIRIUS Insight, ne contient aucune donn\u00e9e personnelle.<\/p>\n\n\n\n<h2 class=\"wp-block-heading\">Cookies<\/h2>\n\n\n\n<p>Nous recueillons des donn\u00e9es sur les visites et l\u2019utilisation de notre site web au moyen de cookies et d\u2019autres technologies de suivi. Nous utilisons une s\u00e9rie de cookies de premi\u00e8re et de troisi\u00e8me parties qui nous permettent d\u2019offrir une exp\u00e9rience de navigation am\u00e9lior\u00e9e et personnalis\u00e9e. Nous utilisons des cookies pour mieux comprendre comment les visiteurs utilisent notre site web. En outre, les cookies nous aident \u00e0 adapter les sites web en fonction des pr\u00e9f\u00e9rences de navigation des utilisateurs, ce qui contribue \u00e0 am\u00e9liorer la convivialit\u00e9. Vous trouverez de plus amples informations sur l\u2019utilisation des cookies dans notre politique en mati\u00e8re de cookies.<br>Les cookies peuvent constituer des donn\u00e9es personnelles, par exemple des donn\u00e9es personnelles (indirectes) telles qu\u2019une adresse IP.<\/p>\n\n\n\n<p>Nous utilisons ces donn\u00e9es \u00e0 des fins statistiques, pour contr\u00f4ler les performances de nos campagnes web et pour vous tenir inform\u00e9s de nos activit\u00e9s et de nos nouveaux d\u00e9veloppements par courrier, e-mail, m\u00e9dias sociaux ou t\u00e9l\u00e9phone. Vous trouverez des d\u00e9tails sur l\u2019utilisation des cookies dans notre politique de cookies.<\/p>\n\n\n\n<h2 class=\"wp-block-heading\">Droits de la partie concern\u00e9e<\/h2>\n\n\n\n<h3 class=\"wp-block-heading\">Vos droits<\/h3>\n\n\n\n<p>En vertu du R\u00e8glement g\u00e9n\u00e9ral sur le traitement des donn\u00e9es (Regulation (EU) 2016\/679 et Directive 95\/46\/EC) vous avez, sous certaines conditions, le droit de v\u00e9rifier vos donn\u00e9es (et, le cas \u00e9ch\u00e9ant, d\u2019obtenir une copie), de corriger les erreurs, de r\u00e9voquer votre consentement ou de faire retirer vos donn\u00e9es de notre base de donn\u00e9es. En principe, vous avez \u00e9galement un droit d\u2019opposition (contre le traitement et le traitement du marketing direct bas\u00e9 sur l\u2019int\u00e9r\u00eat l\u00e9gitime de SIRIUS Insight) et un droit au transfert de donn\u00e9es.<\/p>\n\n\n\n<h3 class=\"wp-block-heading\">Exercice de vos droits<\/h3>\n\n\n\n<p>Vos droits peuvent \u00eatre exerc\u00e9s en nous contactant via <span \n                data-original-string='oN3S\/9o5w21poWRWt6deKw==681X+56RUxwFtuyDeLB157YRqVCcHDXQUhwyEgxkJYo3Pw='\n                class='apbct-email-encoder'\n                title='This contact has been encoded by Anti-Spam by CleanTalk. Click to decode. To finish the decoding make sure that JavaScript is enabled in your browser.'>co<span class=\"apbct-blur\">********<\/span>@<span class=\"apbct-blur\">***********<\/span>ht.be<\/span>. SIRIUS Insight r\u00e9pond d\u00e8s que possible, mais au plus tard dans un d\u00e9lai d\u2019un mois \u00e0 compter de la pr\u00e9sentation de la demande \u00e9crite.<\/p>\n\n\n\n<p>Il faut noter que SIRIUS Insight a des segmentations de consommateurs \u00e0 divers niveaux g\u00e9ographiques, y compris par exemple le quartier et la rue. Ces segmentations de consommateurs sont le r\u00e9sultat d\u2019une mod\u00e9lisation statistique. Par cons\u00e9quent, il s\u2019agit de pr\u00e9dictions de groupes cibles et ne s\u2019appliquent pas individuellement \u00e0 une personne.<\/p>\n\n\n\n<p>Pour les demandes relatives aux Donn\u00e9es sources, la question des donn\u00e9es est renvoy\u00e9e dans la mesure du possible aux fournisseurs des Donn\u00e9es sources.<\/p>\n\n\n\n<h3 class=\"wp-block-heading\">Rapport d\u2019incident et d\u2019enregistrement<\/h3>\n\n\n\n<p>Les incidents peuvent \u00eatre signal\u00e9s \u00e0 notre Privacy Officer via <span \n                data-original-string='zznE2Ng0R2qlU5ogOr7dFQ==6818Yr2fCznP6\/ngLLbufccjVGJlS28dlkyVxvxHpcePuY='\n                class='apbct-email-encoder'\n                title='This contact has been encoded by Anti-Spam by CleanTalk. Click to decode. To finish the decoding make sure that JavaScript is enabled in your browser.'>co<span class=\"apbct-blur\">********<\/span>@<span class=\"apbct-blur\">***********<\/span>ht.be<\/span>. Un registre de chaque incident et de son traitement est conserv\u00e9.<\/p>\n\n\n\n<h3 class=\"wp-block-heading\">Plaintes<\/h3>\n\n\n\n<p>Vous avez le droit de d\u00e9poser une plainte ou une objection concernant le traitement de vos donn\u00e9es aupr\u00e8s de l\u2019Autorit\u00e9 de protection des donn\u00e9es. Cela peut se faire par la poste via l\u2019Autorit\u00e9 de protection des donn\u00e9es, Rue de la Presse 35, 1000 Bruxelles ou via https:\/\/www.autoriteprotectiondonnees.be\/citoyen\/agir\/introduire-une-plainte.<\/p>\n\n\n\n<h2 class=\"wp-block-heading\">P\u00e9riodes de r\u00e9tention<\/h2>\n\n\n\n<p>Les donn\u00e9es \u00e0 caract\u00e8re personnel ne sont pas conserv\u00e9es plus longtemps que n\u00e9cessaire aux fins pour lesquelles elles ont \u00e9t\u00e9 collect\u00e9es ou utilis\u00e9es. SIRIUS Insight d\u00e9truit les donn\u00e9es personnelles apr\u00e8s l\u2019expiration de la p\u00e9riode de r\u00e9tention. L\u2019agent de protection des donn\u00e9es v\u00e9rifie la p\u00e9riode de conservation. SIRIUS Insight utilise les p\u00e9riodes de r\u00e9tention suivantes :<\/p>\n\n\n\n<figure class=\"wp-block-table\"><table><tbody><tr><td><strong>Cat\u00e9gorie<\/strong><\/td><td><strong>P\u00e9riode<\/strong><\/td><td><strong>Explication<\/strong><\/td><\/tr><tr><td>Donn\u00e9es sources<\/td><td>4 ans<\/td><td>Afin d\u2019\u00eatre en mesure de faire des reconstructions dans le cas o\u00f9 des inexactitudes dans les donn\u00e9es sont d\u00e9tect\u00e9es.<\/td><\/tr><tr><td>Coordonn\u00e9es<\/td><td>4 ans<\/td><td>Apr\u00e8s 4 ans, nous vous demandons \u00e0 nouveau la permission d\u2019utiliser vos coordonn\u00e9es pour vous informer de nos activit\u00e9s et de nos produits et services.<\/td><\/tr><tr><td>Back-ups<\/td><td>6 mois<\/td><td>Conform\u00e9ment aux normes de la partie d\u2019accueil.<\/td><\/tr><\/tbody><\/table><\/figure>\n\n\n\n<h2 class=\"wp-block-heading\">Traitements en dehors de l\u2019Espace \u00e9conomique europ\u00e9en<\/h2>\n\n\n\n<p>SIRIUS Insight ne fournit pas de donn\u00e9es personnelles \u00e0 des tiers en dehors de l\u2019Espace \u00e9conomique europ\u00e9en.<br>Les donn\u00e9es SIRIUS Insight, qui ne contiennent pas de donn\u00e9es \u00e0 caract\u00e8re personnel, peuvent \u00eatre fournies \u00e0 des clients et\/ou \u00e0 des partenaires commerciaux en dehors de l\u2019Espace \u00e9conomique europ\u00e9en (par exemple, \u00e0 l\u2019avenir, au Royaume-Uni). Bien que les donn\u00e9es de SIRIUS Insight ne contiennent pas de donn\u00e9es personnelles, cette transmission n\u2019aura lieu que si le pays en question a pris une \u00ab&nbsp;d\u00e9cision d\u2019ad\u00e9quation&nbsp;\u00bb ou si les mesures n\u00e9cessaires ont \u00e9t\u00e9 prises pour assurer une protection appropri\u00e9e dans le pays d\u2019accueil.<\/p>\n","protected":false},"excerpt":{"rendered":"<p>Derni\u00e8re mise \u00e0 jour : avril 2022 SIRIUS Insight fournit ?&#8230;<\/p>\n","protected":false},"author":2,"featured_media":0,"parent":0,"menu_order":0,"comment_status":"closed","ping_status":"open","template":"","meta":{"footnotes":""},"class_list":["post-1600","page","type-page","status-publish","hentry"],"acf":[],"yoast_head":"<!-- This site is optimized with the Yoast SEO plugin v27.2 - https:\/\/yoast.com\/product\/yoast-seo-wordpress\/ -->\n<title>D\u00e9claration de confidentialit\u00e9 de SIRIUS Insight - Dividuals\u00ae by SIRIUS Insight<\/title>\n<meta name=\"robots\" content=\"index, follow, max-snippet:-1, max-image-preview:large, max-video-preview:-1\" \/>\n<link rel=\"canonical\" href=\"https:\/\/dividuals.be\/fr\/politique-de-confidentialite\/\" \/>\n<meta property=\"og:locale\" content=\"fr_FR\" \/>\n<meta property=\"og:type\" content=\"article\" \/>\n<meta property=\"og:title\" content=\"D\u00e9claration de confidentialit\u00e9 de SIRIUS Insight - Dividuals\u00ae by SIRIUS Insight\" \/>\n<meta property=\"og:description\" content=\"\" \/>\n<meta property=\"og:url\" content=\"https:\/\/dividuals.be\/fr\/politique-de-confidentialite\/\" \/>\n<meta property=\"og:site_name\" content=\"Dividuals\u00ae by SIRIUS Insight\" \/>\n<meta property=\"article:modified_time\" content=\"2024-08-30T06:38:12+00:00\" \/>\n<meta property=\"og:image\" content=\"https:\/\/dividuals.be\/wp-content\/uploads\/2024\/03\/dividuals_colors_baseline_digital.jpg\" \/>\n\t<meta property=\"og:image:width\" content=\"1642\" \/>\n\t<meta property=\"og:image:height\" content=\"1147\" \/>\n\t<meta property=\"og:image:type\" content=\"image\/jpeg\" \/>\n<meta name=\"twitter:card\" content=\"summary_large_image\" \/>\n<meta name=\"twitter:label1\" content=\"Dur\u00e9e de lecture estim\u00e9e\" \/>\n\t<meta name=\"twitter:data1\" content=\"8 minutes\" \/>\n<script type=\"application\/ld+json\" class=\"yoast-schema-graph\">{\"@context\":\"https:\/\/schema.org\",\"@graph\":[{\"@type\":\"WebPage\",\"@id\":\"https:\/\/dividuals.be\/fr\/politique-de-confidentialite\/\",\"url\":\"https:\/\/dividuals.be\/fr\/politique-de-confidentialite\/\",\"name\":\"D\u00e9claration de confidentialit\u00e9 de SIRIUS Insight - Dividuals\u00ae by SIRIUS Insight\",\"isPartOf\":{\"@id\":\"https:\/\/dividuals.be\/fr\/#website\"},\"datePublished\":\"2024-02-09T12:18:53+00:00\",\"dateModified\":\"2024-08-30T06:38:12+00:00\",\"breadcrumb\":{\"@id\":\"https:\/\/dividuals.be\/fr\/politique-de-confidentialite\/#breadcrumb\"},\"inLanguage\":\"fr-FR\",\"potentialAction\":[{\"@type\":\"ReadAction\",\"target\":[\"https:\/\/dividuals.be\/fr\/politique-de-confidentialite\/\"]}]},{\"@type\":\"BreadcrumbList\",\"@id\":\"https:\/\/dividuals.be\/fr\/politique-de-confidentialite\/#breadcrumb\",\"itemListElement\":[{\"@type\":\"ListItem\",\"position\":1,\"name\":\"Home\",\"item\":\"https:\/\/dividuals.be\/fr\/\"},{\"@type\":\"ListItem\",\"position\":2,\"name\":\"D\u00e9claration de confidentialit\u00e9 de SIRIUS Insight\"}]},{\"@type\":\"WebSite\",\"@id\":\"https:\/\/dividuals.be\/fr\/#website\",\"url\":\"https:\/\/dividuals.be\/fr\/\",\"name\":\"Dividuals\u00ae by SIRIUS Insight\",\"description\":\"\",\"publisher\":{\"@id\":\"https:\/\/dividuals.be\/fr\/#organization\"},\"potentialAction\":[{\"@type\":\"SearchAction\",\"target\":{\"@type\":\"EntryPoint\",\"urlTemplate\":\"https:\/\/dividuals.be\/fr\/?s={search_term_string}\"},\"query-input\":{\"@type\":\"PropertyValueSpecification\",\"valueRequired\":true,\"valueName\":\"search_term_string\"}}],\"inLanguage\":\"fr-FR\"},{\"@type\":\"Organization\",\"@id\":\"https:\/\/dividuals.be\/fr\/#organization\",\"name\":\"Dividuals\u00ae by SIRIUS Insight\",\"url\":\"https:\/\/dividuals.be\/fr\/\",\"logo\":{\"@type\":\"ImageObject\",\"inLanguage\":\"fr-FR\",\"@id\":\"https:\/\/dividuals.be\/fr\/#\/schema\/logo\/image\/\",\"url\":\"https:\/\/dividuals.be\/wp-content\/uploads\/2024\/03\/dividuals_colors_baseline_digital.jpg\",\"contentUrl\":\"https:\/\/dividuals.be\/wp-content\/uploads\/2024\/03\/dividuals_colors_baseline_digital.jpg\",\"width\":1642,\"height\":1147,\"caption\":\"Dividuals\u00ae by SIRIUS Insight\"},\"image\":{\"@id\":\"https:\/\/dividuals.be\/fr\/#\/schema\/logo\/image\/\"},\"sameAs\":[\"https:\/\/www.linkedin.com\/company\/sirius-insight\"]}]}<\/script>\n<!-- \/ Yoast SEO plugin. -->","yoast_head_json":{"title":"D\u00e9claration de confidentialit\u00e9 de SIRIUS Insight - Dividuals\u00ae by SIRIUS Insight","robots":{"index":"index","follow":"follow","max-snippet":"max-snippet:-1","max-image-preview":"max-image-preview:large","max-video-preview":"max-video-preview:-1"},"canonical":"https:\/\/dividuals.be\/fr\/politique-de-confidentialite\/","og_locale":"fr_FR","og_type":"article","og_title":"D\u00e9claration de confidentialit\u00e9 de SIRIUS Insight - Dividuals\u00ae by SIRIUS Insight","og_description":"Derni\u00e8re mise \u00e0 jour : avril 2022 SIRIUS Insight fournit ?...","og_url":"https:\/\/dividuals.be\/fr\/politique-de-confidentialite\/","og_site_name":"Dividuals\u00ae by SIRIUS Insight","article_modified_time":"2024-08-30T06:38:12+00:00","og_image":[{"width":1642,"height":1147,"url":"https:\/\/dividuals.be\/wp-content\/uploads\/2024\/03\/dividuals_colors_baseline_digital.jpg","type":"image\/jpeg"}],"twitter_card":"summary_large_image","twitter_misc":{"Dur\u00e9e de lecture estim\u00e9e":"8 minutes"},"schema":{"@context":"https:\/\/schema.org","@graph":[{"@type":"WebPage","@id":"https:\/\/dividuals.be\/fr\/politique-de-confidentialite\/","url":"https:\/\/dividuals.be\/fr\/politique-de-confidentialite\/","name":"D\u00e9claration de confidentialit\u00e9 de SIRIUS Insight - Dividuals\u00ae by SIRIUS Insight","isPartOf":{"@id":"https:\/\/dividuals.be\/fr\/#website"},"datePublished":"2024-02-09T12:18:53+00:00","dateModified":"2024-08-30T06:38:12+00:00","breadcrumb":{"@id":"https:\/\/dividuals.be\/fr\/politique-de-confidentialite\/#breadcrumb"},"inLanguage":"fr-FR","potentialAction":[{"@type":"ReadAction","target":["https:\/\/dividuals.be\/fr\/politique-de-confidentialite\/"]}]},{"@type":"BreadcrumbList","@id":"https:\/\/dividuals.be\/fr\/politique-de-confidentialite\/#breadcrumb","itemListElement":[{"@type":"ListItem","position":1,"name":"Home","item":"https:\/\/dividuals.be\/fr\/"},{"@type":"ListItem","position":2,"name":"D\u00e9claration de confidentialit\u00e9 de SIRIUS Insight"}]},{"@type":"WebSite","@id":"https:\/\/dividuals.be\/fr\/#website","url":"https:\/\/dividuals.be\/fr\/","name":"Dividuals\u00ae by SIRIUS Insight","description":"","publisher":{"@id":"https:\/\/dividuals.be\/fr\/#organization"},"potentialAction":[{"@type":"SearchAction","target":{"@type":"EntryPoint","urlTemplate":"https:\/\/dividuals.be\/fr\/?s={search_term_string}"},"query-input":{"@type":"PropertyValueSpecification","valueRequired":true,"valueName":"search_term_string"}}],"inLanguage":"fr-FR"},{"@type":"Organization","@id":"https:\/\/dividuals.be\/fr\/#organization","name":"Dividuals\u00ae by SIRIUS Insight","url":"https:\/\/dividuals.be\/fr\/","logo":{"@type":"ImageObject","inLanguage":"fr-FR","@id":"https:\/\/dividuals.be\/fr\/#\/schema\/logo\/image\/","url":"https:\/\/dividuals.be\/wp-content\/uploads\/2024\/03\/dividuals_colors_baseline_digital.jpg","contentUrl":"https:\/\/dividuals.be\/wp-content\/uploads\/2024\/03\/dividuals_colors_baseline_digital.jpg","width":1642,"height":1147,"caption":"Dividuals\u00ae by SIRIUS Insight"},"image":{"@id":"https:\/\/dividuals.be\/fr\/#\/schema\/logo\/image\/"},"sameAs":["https:\/\/www.linkedin.com\/company\/sirius-insight"]}]}},"_links":{"self":[{"href":"https:\/\/dividuals.be\/fr\/wp-json\/wp\/v2\/pages\/1600","targetHints":{"allow":["GET"]}}],"collection":[{"href":"https:\/\/dividuals.be\/fr\/wp-json\/wp\/v2\/pages"}],"about":[{"href":"https:\/\/dividuals.be\/fr\/wp-json\/wp\/v2\/types\/page"}],"author":[{"embeddable":true,"href":"https:\/\/dividuals.be\/fr\/wp-json\/wp\/v2\/users\/2"}],"replies":[{"embeddable":true,"href":"https:\/\/dividuals.be\/fr\/wp-json\/wp\/v2\/comments?post=1600"}],"version-history":[{"count":2,"href":"https:\/\/dividuals.be\/fr\/wp-json\/wp\/v2\/pages\/1600\/revisions"}],"predecessor-version":[{"id":1821,"href":"https:\/\/dividuals.be\/fr\/wp-json\/wp\/v2\/pages\/1600\/revisions\/1821"}],"wp:attachment":[{"href":"https:\/\/dividuals.be\/fr\/wp-json\/wp\/v2\/media?parent=1600"}],"curies":[{"name":"wp","href":"https:\/\/api.w.org\/{rel}","templated":true}]}}