{"id":1606,"date":"2024-03-27T05:47:27","date_gmt":"2024-03-27T05:47:27","guid":{"rendered":"https:\/\/dividuals.be\/?page_id=1606"},"modified":"2024-03-27T05:49:53","modified_gmt":"2024-03-27T05:49:53","slug":"tous-droits-reserves","status":"publish","type":"page","link":"https:\/\/dividuals.be\/fr\/tous-droits-reserves\/","title":{"rendered":"Tous droits r\u00e9serv\u00e9s"},"content":{"rendered":"\n<p>Nous faisons de notre mieux pour vous donner des informations correctes et compl\u00e8tes sur notre site. Si, malgr\u00e9 ces efforts, l&rsquo;information ou le contenu de ce site web est incomplet et\/ou incorrect, nous ne pouvons pas en accepter la responsabilit\u00e9. En cas de dommage, SIRIUS Insight ne peut en \u00eatre tenu responsable.<\/p>\n\n\n\n<p>SIRIUS Insight d\u00e9cline \u00e9galement toute responsabilit\u00e9 pour toute information sur les sites web auxquels nous nous r\u00e9f\u00e9rons via des hyperliens.<\/p>\n\n\n\n<h2 class=\"wp-block-heading\"><strong>Propri\u00e9t\u00e9 intellectuelle<\/strong><\/h2>\n\n\n\n<p>L&rsquo;utilisation de l&rsquo;information sur ce site web est gratuite tant que vous ne copiez pas, ne distribuez pas ou n&rsquo;utilisez pas ou n&rsquo;abusez pas de cette information. Vous ne pouvez r\u00e9utiliser les informations sur ce site que conform\u00e9ment aux r\u00e8gles l\u00e9gales en vigueur.<\/p>\n\n\n\n<p>Sauf autorisation expresse de SIRIUS Insight, il n&rsquo;est pas autoris\u00e9 de r\u00e9utiliser du texte, du mat\u00e9riel photographique ou d&rsquo;autres documents de ce site web. La propri\u00e9t\u00e9 intellectuelle est celle de SIRIUS Insight.<\/p>\n\n\n\n<h2 class=\"wp-block-heading\"><strong>Droits d\u2019auteur sur les photos<\/strong><\/h2>\n\n\n\n<p>IStockPhoto<\/p>\n\n\n\n<h2 class=\"wp-block-heading\"><strong>Contact<\/strong><\/h2>\n\n\n\n<p>Si vous avez des questions, veuillez nous contacter via le <a href=\"https:\/\/dividuals.be\/fr\/contact\/\">formulaire de contact<\/a> sur ce site web.<\/p>\n","protected":false},"excerpt":{"rendered":"<p>Nous faisons de notre mieux pour vous donner des information&#8230;<\/p>\n","protected":false},"author":2,"featured_media":0,"parent":0,"menu_order":0,"comment_status":"closed","ping_status":"closed","template":"","meta":{"footnotes":""},"class_list":["post-1606","page","type-page","status-publish","hentry"],"acf":[],"yoast_head":"<!-- This site is optimized with the Yoast SEO plugin v27.2 - https:\/\/yoast.com\/product\/yoast-seo-wordpress\/ -->\n<title>Tous droits r\u00e9serv\u00e9s - Dividuals\u00ae by SIRIUS Insight<\/title>\n<meta name=\"robots\" content=\"index, follow, max-snippet:-1, max-image-preview:large, max-video-preview:-1\" \/>\n<link rel=\"canonical\" href=\"https:\/\/dividuals.be\/fr\/tous-droits-reserves\/\" \/>\n<meta property=\"og:locale\" content=\"fr_FR\" \/>\n<meta property=\"og:type\" content=\"article\" \/>\n<meta property=\"og:title\" content=\"Tous droits r\u00e9serv\u00e9s - Dividuals\u00ae by SIRIUS Insight\" \/>\n<meta property=\"og:description\" content=\"Nous faisons de notre mieux pour vous donner des information...\" \/>\n<meta property=\"og:url\" content=\"https:\/\/dividuals.be\/fr\/tous-droits-reserves\/\" \/>\n<meta property=\"og:site_name\" content=\"Dividuals\u00ae by SIRIUS Insight\" \/>\n<meta property=\"article:modified_time\" content=\"2024-03-27T05:49:53+00:00\" \/>\n<meta property=\"og:image\" content=\"https:\/\/dividuals.be\/wp-content\/uploads\/2024\/03\/dividuals_colors_baseline_digital.jpg\" \/>\n\t<meta property=\"og:image:width\" content=\"1642\" \/>\n\t<meta property=\"og:image:height\" content=\"1147\" \/>\n\t<meta property=\"og:image:type\" content=\"image\/jpeg\" \/>\n<meta name=\"twitter:card\" content=\"summary_large_image\" \/>\n<meta name=\"twitter:label1\" content=\"Dur\u00e9e de lecture estim\u00e9e\" \/>\n\t<meta name=\"twitter:data1\" content=\"1 minute\" \/>\n<script type=\"application\/ld+json\" class=\"yoast-schema-graph\">{\"@context\":\"https:\/\/schema.org\",\"@graph\":[{\"@type\":\"WebPage\",\"@id\":\"https:\/\/dividuals.be\/fr\/tous-droits-reserves\/\",\"url\":\"https:\/\/dividuals.be\/fr\/tous-droits-reserves\/\",\"name\":\"Tous droits r\u00e9serv\u00e9s - Dividuals\u00ae by SIRIUS Insight\",\"isPartOf\":{\"@id\":\"https:\/\/dividuals.be\/fr\/#website\"},\"datePublished\":\"2024-03-27T05:47:27+00:00\",\"dateModified\":\"2024-03-27T05:49:53+00:00\",\"breadcrumb\":{\"@id\":\"https:\/\/dividuals.be\/fr\/tous-droits-reserves\/#breadcrumb\"},\"inLanguage\":\"fr-FR\",\"potentialAction\":[{\"@type\":\"ReadAction\",\"target\":[\"https:\/\/dividuals.be\/fr\/tous-droits-reserves\/\"]}]},{\"@type\":\"BreadcrumbList\",\"@id\":\"https:\/\/dividuals.be\/fr\/tous-droits-reserves\/#breadcrumb\",\"itemListElement\":[{\"@type\":\"ListItem\",\"position\":1,\"name\":\"Home\",\"item\":\"https:\/\/dividuals.be\/fr\/\"},{\"@type\":\"ListItem\",\"position\":2,\"name\":\"Tous droits r\u00e9serv\u00e9s\"}]},{\"@type\":\"WebSite\",\"@id\":\"https:\/\/dividuals.be\/fr\/#website\",\"url\":\"https:\/\/dividuals.be\/fr\/\",\"name\":\"Dividuals\u00ae by SIRIUS Insight\",\"description\":\"\",\"publisher\":{\"@id\":\"https:\/\/dividuals.be\/fr\/#organization\"},\"potentialAction\":[{\"@type\":\"SearchAction\",\"target\":{\"@type\":\"EntryPoint\",\"urlTemplate\":\"https:\/\/dividuals.be\/fr\/?s={search_term_string}\"},\"query-input\":{\"@type\":\"PropertyValueSpecification\",\"valueRequired\":true,\"valueName\":\"search_term_string\"}}],\"inLanguage\":\"fr-FR\"},{\"@type\":\"Organization\",\"@id\":\"https:\/\/dividuals.be\/fr\/#organization\",\"name\":\"Dividuals\u00ae by SIRIUS Insight\",\"url\":\"https:\/\/dividuals.be\/fr\/\",\"logo\":{\"@type\":\"ImageObject\",\"inLanguage\":\"fr-FR\",\"@id\":\"https:\/\/dividuals.be\/fr\/#\/schema\/logo\/image\/\",\"url\":\"https:\/\/dividuals.be\/wp-content\/uploads\/2024\/03\/dividuals_colors_baseline_digital.jpg\",\"contentUrl\":\"https:\/\/dividuals.be\/wp-content\/uploads\/2024\/03\/dividuals_colors_baseline_digital.jpg\",\"width\":1642,\"height\":1147,\"caption\":\"Dividuals\u00ae by SIRIUS Insight\"},\"image\":{\"@id\":\"https:\/\/dividuals.be\/fr\/#\/schema\/logo\/image\/\"},\"sameAs\":[\"https:\/\/www.linkedin.com\/company\/sirius-insight\"]}]}<\/script>\n<!-- \/ Yoast SEO plugin. -->","yoast_head_json":{"title":"Tous droits r\u00e9serv\u00e9s - Dividuals\u00ae by SIRIUS Insight","robots":{"index":"index","follow":"follow","max-snippet":"max-snippet:-1","max-image-preview":"max-image-preview:large","max-video-preview":"max-video-preview:-1"},"canonical":"https:\/\/dividuals.be\/fr\/tous-droits-reserves\/","og_locale":"fr_FR","og_type":"article","og_title":"Tous droits r\u00e9serv\u00e9s - Dividuals\u00ae by SIRIUS Insight","og_description":"Nous faisons de notre mieux pour vous donner des information...","og_url":"https:\/\/dividuals.be\/fr\/tous-droits-reserves\/","og_site_name":"Dividuals\u00ae by SIRIUS Insight","article_modified_time":"2024-03-27T05:49:53+00:00","og_image":[{"width":1642,"height":1147,"url":"https:\/\/dividuals.be\/wp-content\/uploads\/2024\/03\/dividuals_colors_baseline_digital.jpg","type":"image\/jpeg"}],"twitter_card":"summary_large_image","twitter_misc":{"Dur\u00e9e de lecture estim\u00e9e":"1 minute"},"schema":{"@context":"https:\/\/schema.org","@graph":[{"@type":"WebPage","@id":"https:\/\/dividuals.be\/fr\/tous-droits-reserves\/","url":"https:\/\/dividuals.be\/fr\/tous-droits-reserves\/","name":"Tous droits r\u00e9serv\u00e9s - Dividuals\u00ae by SIRIUS Insight","isPartOf":{"@id":"https:\/\/dividuals.be\/fr\/#website"},"datePublished":"2024-03-27T05:47:27+00:00","dateModified":"2024-03-27T05:49:53+00:00","breadcrumb":{"@id":"https:\/\/dividuals.be\/fr\/tous-droits-reserves\/#breadcrumb"},"inLanguage":"fr-FR","potentialAction":[{"@type":"ReadAction","target":["https:\/\/dividuals.be\/fr\/tous-droits-reserves\/"]}]},{"@type":"BreadcrumbList","@id":"https:\/\/dividuals.be\/fr\/tous-droits-reserves\/#breadcrumb","itemListElement":[{"@type":"ListItem","position":1,"name":"Home","item":"https:\/\/dividuals.be\/fr\/"},{"@type":"ListItem","position":2,"name":"Tous droits r\u00e9serv\u00e9s"}]},{"@type":"WebSite","@id":"https:\/\/dividuals.be\/fr\/#website","url":"https:\/\/dividuals.be\/fr\/","name":"Dividuals\u00ae by SIRIUS Insight","description":"","publisher":{"@id":"https:\/\/dividuals.be\/fr\/#organization"},"potentialAction":[{"@type":"SearchAction","target":{"@type":"EntryPoint","urlTemplate":"https:\/\/dividuals.be\/fr\/?s={search_term_string}"},"query-input":{"@type":"PropertyValueSpecification","valueRequired":true,"valueName":"search_term_string"}}],"inLanguage":"fr-FR"},{"@type":"Organization","@id":"https:\/\/dividuals.be\/fr\/#organization","name":"Dividuals\u00ae by SIRIUS Insight","url":"https:\/\/dividuals.be\/fr\/","logo":{"@type":"ImageObject","inLanguage":"fr-FR","@id":"https:\/\/dividuals.be\/fr\/#\/schema\/logo\/image\/","url":"https:\/\/dividuals.be\/wp-content\/uploads\/2024\/03\/dividuals_colors_baseline_digital.jpg","contentUrl":"https:\/\/dividuals.be\/wp-content\/uploads\/2024\/03\/dividuals_colors_baseline_digital.jpg","width":1642,"height":1147,"caption":"Dividuals\u00ae by SIRIUS Insight"},"image":{"@id":"https:\/\/dividuals.be\/fr\/#\/schema\/logo\/image\/"},"sameAs":["https:\/\/www.linkedin.com\/company\/sirius-insight"]}]}},"_links":{"self":[{"href":"https:\/\/dividuals.be\/fr\/wp-json\/wp\/v2\/pages\/1606","targetHints":{"allow":["GET"]}}],"collection":[{"href":"https:\/\/dividuals.be\/fr\/wp-json\/wp\/v2\/pages"}],"about":[{"href":"https:\/\/dividuals.be\/fr\/wp-json\/wp\/v2\/types\/page"}],"author":[{"embeddable":true,"href":"https:\/\/dividuals.be\/fr\/wp-json\/wp\/v2\/users\/2"}],"replies":[{"embeddable":true,"href":"https:\/\/dividuals.be\/fr\/wp-json\/wp\/v2\/comments?post=1606"}],"version-history":[{"count":1,"href":"https:\/\/dividuals.be\/fr\/wp-json\/wp\/v2\/pages\/1606\/revisions"}],"predecessor-version":[{"id":1607,"href":"https:\/\/dividuals.be\/fr\/wp-json\/wp\/v2\/pages\/1606\/revisions\/1607"}],"wp:attachment":[{"href":"https:\/\/dividuals.be\/fr\/wp-json\/wp\/v2\/media?parent=1606"}],"curies":[{"name":"wp","href":"https:\/\/api.w.org\/{rel}","templated":true}]}}